{"id":3405,"date":"2023-05-15T15:26:09","date_gmt":"2023-05-15T07:26:09","guid":{"rendered":"https:\/\/jjthomedeco.com\/?post_type=product&#038;p=3405"},"modified":"2024-04-09T09:55:00","modified_gmt":"2024-04-09T01:55:00","slug":"bedroom-decoration-items-jjt-wall-clock-jt2204","status":"publish","type":"product","link":"https:\/\/jjthomedeco.com\/es\/products\/bedroom-decoration-items-jjt-wall-clock-jt2204\/","title":{"rendered":"Art\u00edculos de decoraci\u00f3n para el dormitorio JJT Reloj de pared JT2204"},"content":{"rendered":"<p>Art\u00edculos de decoraci\u00f3n para el dormitorio JJT Reloj de pared JT2204<\/p>\n<p>Model No: JT2204<\/p>\n<p>Product Size (cm): 80*32, 100*42, 135*56<\/p>\n<p>Material: MIron, MDF<\/p>\n<p>Color: Como foto<\/p>\n<p>MOQ: 10pcs<\/p>","protected":false},"excerpt":{"rendered":"<p>Model No: JT2204<\/p>\n<p>Product Size (cm): 80*32, 100*42, 135*56<\/p>\n<p>Material: MIron, MDF<\/p>\n<p>Color: Como foto<\/p>\n<p>MOQ: 10pcs<\/p>","protected":false},"featured_media":3408,"comment_status":"open","ping_status":"closed","template":"","meta":[],"product_cat":[53,52,50],"product_tag":[72,80,65],"yoast_head":"<!-- This site is optimized with the Yoast SEO Premium plugin v20.5 (Yoast SEO v23.0) - https:\/\/yoast.com\/wordpress\/plugins\/seo\/ -->\n<title>Bedroom Decoration Items JJT Wall Clock JT2204 -<\/title>\n<meta name=\"description\" content=\"Bedroom Decoration Items JJT Wall Clock JT2204 - Top Luxury Modern Wall Clocks Supplier &amp; Manufacturer JJT, Wholesale Home Decoration Wall Painting, Metal Wall Art &amp; Wall Mirror from Factory in China\" \/>\n<meta name=\"robots\" content=\"index, follow, max-snippet:-1, max-image-preview:large, max-video-preview:-1\" \/>\n<link rel=\"canonical\" href=\"https:\/\/jjthomedeco.com\/es\/products\/bedroom-decoration-items-jjt-wall-clock-jt2204\/\" \/>\n<meta property=\"og:locale\" content=\"es_ES\" \/>\n<meta property=\"og:type\" content=\"article\" \/>\n<meta property=\"og:title\" content=\"Bedroom Decoration Items JJT Wall Clock JT2204\" \/>\n<meta property=\"og:description\" content=\"Bedroom Decoration Items JJT Wall Clock JT2204 - Top Luxury Modern Wall Clocks Supplier &amp; Manufacturer JJT, Wholesale Home Decoration Wall Painting, Metal Wall Art &amp; Wall Mirror from Factory in China\" \/>\n<meta property=\"og:url\" content=\"https:\/\/jjthomedeco.com\/es\/products\/bedroom-decoration-items-jjt-wall-clock-jt2204\/\" \/>\n<meta property=\"og:site_name\" content=\"Top Luxury Modern Wall Clocks Supplier &amp; Manufacturer JJT, Wholesale Home Decoration Wall Painting, Metal Wall Art &amp; Wall Mirror from Factory in China\" \/>\n<meta property=\"article:publisher\" content=\"https:\/\/www.facebook.com\/JJTWallClock\" \/>\n<meta property=\"article:modified_time\" content=\"2024-04-09T01:55:00+00:00\" \/>\n<meta property=\"og:image\" content=\"https:\/\/jjthomedeco.com\/wp-content\/uploads\/2023\/05\/Bedroom-Decoration-Items-JJT-Wall-Clock-JT2204-2.webp\" \/>\n\t<meta property=\"og:image:width\" content=\"800\" \/>\n\t<meta property=\"og:image:height\" content=\"800\" \/>\n\t<meta property=\"og:image:type\" content=\"image\/webp\" \/>\n<meta name=\"twitter:card\" content=\"summary_large_image\" \/>\n<meta name=\"twitter:label1\" content=\"Tiempo de lectura\" \/>\n\t<meta name=\"twitter:data1\" content=\"1 minuto\" \/>\n<script type=\"application\/ld+json\" class=\"yoast-schema-graph\">{\"@context\":\"https:\/\/schema.org\",\"@graph\":[{\"@type\":\"WebPage\",\"@id\":\"https:\/\/jjthomedeco.com\/products\/bedroom-decoration-items-jjt-wall-clock-jt2204\/\",\"url\":\"https:\/\/jjthomedeco.com\/products\/bedroom-decoration-items-jjt-wall-clock-jt2204\/\",\"name\":\"Bedroom Decoration Items JJT Wall Clock JT2204 -\",\"isPartOf\":{\"@id\":\"https:\/\/jjthomedeco.com\/#website\"},\"primaryImageOfPage\":{\"@id\":\"https:\/\/jjthomedeco.com\/products\/bedroom-decoration-items-jjt-wall-clock-jt2204\/#primaryimage\"},\"image\":{\"@id\":\"https:\/\/jjthomedeco.com\/products\/bedroom-decoration-items-jjt-wall-clock-jt2204\/#primaryimage\"},\"thumbnailUrl\":\"https:\/\/jjthomedeco.com\/wp-content\/uploads\/2023\/05\/Bedroom-Decoration-Items-JJT-Wall-Clock-JT2204-2.webp\",\"datePublished\":\"2023-05-15T07:26:09+00:00\",\"dateModified\":\"2024-04-09T01:55:00+00:00\",\"description\":\"Bedroom Decoration Items JJT Wall Clock JT2204 - Top Luxury Modern Wall Clocks Supplier &amp; Manufacturer JJT, Wholesale Home Decoration Wall Painting, Metal Wall Art &amp; Wall Mirror from Factory in China\",\"breadcrumb\":{\"@id\":\"https:\/\/jjthomedeco.com\/products\/bedroom-decoration-items-jjt-wall-clock-jt2204\/#breadcrumb\"},\"inLanguage\":\"es\",\"potentialAction\":[{\"@type\":\"ReadAction\",\"target\":[\"https:\/\/jjthomedeco.com\/products\/bedroom-decoration-items-jjt-wall-clock-jt2204\/\"]}]},{\"@type\":\"ImageObject\",\"inLanguage\":\"es\",\"@id\":\"https:\/\/jjthomedeco.com\/products\/bedroom-decoration-items-jjt-wall-clock-jt2204\/#primaryimage\",\"url\":\"https:\/\/jjthomedeco.com\/wp-content\/uploads\/2023\/05\/Bedroom-Decoration-Items-JJT-Wall-Clock-JT2204-2.webp\",\"contentUrl\":\"https:\/\/jjthomedeco.com\/wp-content\/uploads\/2023\/05\/Bedroom-Decoration-Items-JJT-Wall-Clock-JT2204-2.webp\",\"width\":800,\"height\":800,\"caption\":\"Bedroom Decoration Items JJT Wall Clock JT2204\"},{\"@type\":\"BreadcrumbList\",\"@id\":\"https:\/\/jjthomedeco.com\/products\/bedroom-decoration-items-jjt-wall-clock-jt2204\/#breadcrumb\",\"itemListElement\":[{\"@type\":\"ListItem\",\"position\":1,\"name\":\"Home\",\"item\":\"https:\/\/jjthomedeco.com\/\"},{\"@type\":\"ListItem\",\"position\":2,\"name\":\"PRODUCTS\",\"item\":\"https:\/\/jjthomedeco.com\/products\/\"},{\"@type\":\"ListItem\",\"position\":3,\"name\":\"Bedroom Decoration Items JJT Wall Clock JT2204\"}]},{\"@type\":\"WebSite\",\"@id\":\"https:\/\/jjthomedeco.com\/#website\",\"url\":\"https:\/\/jjthomedeco.com\/\",\"name\":\"Top Luxury Modern Wall Clocks Supplier &amp; Manufacturer JJT, Wholesale Home Decoration Wall Painting, Metal Wall Art &amp; Wall Mirror from Factory in China\",\"description\":\"JJT Wall Clock - Zhejiang JJT Art Craft Co., LTD.\",\"publisher\":{\"@id\":\"https:\/\/jjthomedeco.com\/#organization\"},\"potentialAction\":[{\"@type\":\"SearchAction\",\"target\":{\"@type\":\"EntryPoint\",\"urlTemplate\":\"https:\/\/jjthomedeco.com\/?s={search_term_string}\"},\"query-input\":\"required name=search_term_string\"}],\"inLanguage\":\"es\"},{\"@type\":\"Organization\",\"@id\":\"https:\/\/jjthomedeco.com\/#organization\",\"name\":\"Zhejiang JJT Art Craft Co., LTD.\",\"url\":\"https:\/\/jjthomedeco.com\/\",\"logo\":{\"@type\":\"ImageObject\",\"inLanguage\":\"es\",\"@id\":\"https:\/\/jjthomedeco.com\/#\/schema\/logo\/image\/\",\"url\":\"https:\/\/jjthomedeco.com\/wp-content\/uploads\/2023\/04\/JJT-Wall-Clock-for-Interior-Home-Decoration.png\",\"contentUrl\":\"https:\/\/jjthomedeco.com\/wp-content\/uploads\/2023\/04\/JJT-Wall-Clock-for-Interior-Home-Decoration.png\",\"width\":241,\"height\":241,\"caption\":\"Zhejiang JJT Art Craft Co., LTD.\"},\"image\":{\"@id\":\"https:\/\/jjthomedeco.com\/#\/schema\/logo\/image\/\"},\"sameAs\":[\"https:\/\/www.facebook.com\/JJTWallClock\"]}]}<\/script>\n<!-- \/ Yoast SEO Premium plugin. -->","yoast_head_json":{"title":"Bedroom Decoration Items JJT Wall Clock JT2204 -","description":"Bedroom Decoration Items JJT Wall Clock JT2204 - Top Luxury Modern Wall Clocks Supplier &amp; Manufacturer JJT, Wholesale Home Decoration Wall Painting, Metal Wall Art &amp; Wall Mirror from Factory in China","robots":{"index":"index","follow":"follow","max-snippet":"max-snippet:-1","max-image-preview":"max-image-preview:large","max-video-preview":"max-video-preview:-1"},"canonical":"https:\/\/jjthomedeco.com\/es\/products\/bedroom-decoration-items-jjt-wall-clock-jt2204\/","og_locale":"es_ES","og_type":"article","og_title":"Bedroom Decoration Items JJT Wall Clock JT2204","og_description":"Bedroom Decoration Items JJT Wall Clock JT2204 - Top Luxury Modern Wall Clocks Supplier &amp; Manufacturer JJT, Wholesale Home Decoration Wall Painting, Metal Wall Art &amp; Wall Mirror from Factory in China","og_url":"https:\/\/jjthomedeco.com\/es\/products\/bedroom-decoration-items-jjt-wall-clock-jt2204\/","og_site_name":"Top Luxury Modern Wall Clocks Supplier &amp; Manufacturer JJT, Wholesale Home Decoration Wall Painting, Metal Wall Art &amp; Wall Mirror from Factory in China","article_publisher":"https:\/\/www.facebook.com\/JJTWallClock","article_modified_time":"2024-04-09T01:55:00+00:00","og_image":[{"width":800,"height":800,"url":"https:\/\/jjthomedeco.com\/wp-content\/uploads\/2023\/05\/Bedroom-Decoration-Items-JJT-Wall-Clock-JT2204-2.webp","type":"image\/webp"}],"twitter_card":"summary_large_image","twitter_misc":{"Tiempo de lectura":"1 minuto"},"schema":{"@context":"https:\/\/schema.org","@graph":[{"@type":"WebPage","@id":"https:\/\/jjthomedeco.com\/products\/bedroom-decoration-items-jjt-wall-clock-jt2204\/","url":"https:\/\/jjthomedeco.com\/products\/bedroom-decoration-items-jjt-wall-clock-jt2204\/","name":"Bedroom Decoration Items JJT Wall Clock JT2204 -","isPartOf":{"@id":"https:\/\/jjthomedeco.com\/#website"},"primaryImageOfPage":{"@id":"https:\/\/jjthomedeco.com\/products\/bedroom-decoration-items-jjt-wall-clock-jt2204\/#primaryimage"},"image":{"@id":"https:\/\/jjthomedeco.com\/products\/bedroom-decoration-items-jjt-wall-clock-jt2204\/#primaryimage"},"thumbnailUrl":"https:\/\/jjthomedeco.com\/wp-content\/uploads\/2023\/05\/Bedroom-Decoration-Items-JJT-Wall-Clock-JT2204-2.webp","datePublished":"2023-05-15T07:26:09+00:00","dateModified":"2024-04-09T01:55:00+00:00","description":"Bedroom Decoration Items JJT Wall Clock JT2204 - Top Luxury Modern Wall Clocks Supplier &amp; Manufacturer JJT, Wholesale Home Decoration Wall Painting, Metal Wall Art &amp; Wall Mirror from Factory in China","breadcrumb":{"@id":"https:\/\/jjthomedeco.com\/products\/bedroom-decoration-items-jjt-wall-clock-jt2204\/#breadcrumb"},"inLanguage":"es","potentialAction":[{"@type":"ReadAction","target":["https:\/\/jjthomedeco.com\/products\/bedroom-decoration-items-jjt-wall-clock-jt2204\/"]}]},{"@type":"ImageObject","inLanguage":"es","@id":"https:\/\/jjthomedeco.com\/products\/bedroom-decoration-items-jjt-wall-clock-jt2204\/#primaryimage","url":"https:\/\/jjthomedeco.com\/wp-content\/uploads\/2023\/05\/Bedroom-Decoration-Items-JJT-Wall-Clock-JT2204-2.webp","contentUrl":"https:\/\/jjthomedeco.com\/wp-content\/uploads\/2023\/05\/Bedroom-Decoration-Items-JJT-Wall-Clock-JT2204-2.webp","width":800,"height":800,"caption":"Bedroom Decoration Items JJT Wall Clock JT2204"},{"@type":"BreadcrumbList","@id":"https:\/\/jjthomedeco.com\/products\/bedroom-decoration-items-jjt-wall-clock-jt2204\/#breadcrumb","itemListElement":[{"@type":"ListItem","position":1,"name":"Home","item":"https:\/\/jjthomedeco.com\/"},{"@type":"ListItem","position":2,"name":"PRODUCTS","item":"https:\/\/jjthomedeco.com\/products\/"},{"@type":"ListItem","position":3,"name":"Bedroom Decoration Items JJT Wall Clock JT2204"}]},{"@type":"WebSite","@id":"https:\/\/jjthomedeco.com\/#website","url":"https:\/\/jjthomedeco.com\/","name":"Top Luxury Modern Wall Clocks Supplier &amp; Manufacturer JJT, Wholesale Home Decoration Wall Painting, Metal Wall Art &amp; Wall Mirror from Factory in China","description":"JJT Wall Clock - Zhejiang JJT Art Craft Co., LTD.","publisher":{"@id":"https:\/\/jjthomedeco.com\/#organization"},"potentialAction":[{"@type":"SearchAction","target":{"@type":"EntryPoint","urlTemplate":"https:\/\/jjthomedeco.com\/?s={search_term_string}"},"query-input":"required name=search_term_string"}],"inLanguage":"es"},{"@type":"Organization","@id":"https:\/\/jjthomedeco.com\/#organization","name":"Zhejiang JJT Art Craft Co., LTD.","url":"https:\/\/jjthomedeco.com\/","logo":{"@type":"ImageObject","inLanguage":"es","@id":"https:\/\/jjthomedeco.com\/#\/schema\/logo\/image\/","url":"https:\/\/jjthomedeco.com\/wp-content\/uploads\/2023\/04\/JJT-Wall-Clock-for-Interior-Home-Decoration.png","contentUrl":"https:\/\/jjthomedeco.com\/wp-content\/uploads\/2023\/04\/JJT-Wall-Clock-for-Interior-Home-Decoration.png","width":241,"height":241,"caption":"Zhejiang JJT Art Craft Co., LTD."},"image":{"@id":"https:\/\/jjthomedeco.com\/#\/schema\/logo\/image\/"},"sameAs":["https:\/\/www.facebook.com\/JJTWallClock"]}]}},"_links":{"self":[{"href":"https:\/\/jjthomedeco.com\/es\/wp-json\/wp\/v2\/product\/3405"}],"collection":[{"href":"https:\/\/jjthomedeco.com\/es\/wp-json\/wp\/v2\/product"}],"about":[{"href":"https:\/\/jjthomedeco.com\/es\/wp-json\/wp\/v2\/types\/product"}],"replies":[{"embeddable":true,"href":"https:\/\/jjthomedeco.com\/es\/wp-json\/wp\/v2\/comments?post=3405"}],"version-history":[{"count":1,"href":"https:\/\/jjthomedeco.com\/es\/wp-json\/wp\/v2\/product\/3405\/revisions"}],"predecessor-version":[{"id":3410,"href":"https:\/\/jjthomedeco.com\/es\/wp-json\/wp\/v2\/product\/3405\/revisions\/3410"}],"wp:featuredmedia":[{"embeddable":true,"href":"https:\/\/jjthomedeco.com\/es\/wp-json\/wp\/v2\/media\/3408"}],"wp:attachment":[{"href":"https:\/\/jjthomedeco.com\/es\/wp-json\/wp\/v2\/media?parent=3405"}],"wp:term":[{"taxonomy":"product_cat","embeddable":true,"href":"https:\/\/jjthomedeco.com\/es\/wp-json\/wp\/v2\/product_cat?post=3405"},{"taxonomy":"product_tag","embeddable":true,"href":"https:\/\/jjthomedeco.com\/es\/wp-json\/wp\/v2\/product_tag?post=3405"}],"curies":[{"name":"wp","href":"https:\/\/api.w.org\/{rel}","templated":true}]}}