{"id":18531,"date":"2023-08-25T16:47:29","date_gmt":"2023-08-25T08:47:29","guid":{"rendered":"https:\/\/jjthomedeco.com\/?post_type=product&#038;p=18531"},"modified":"2023-10-06T17:07:10","modified_gmt":"2023-10-06T09:07:10","slug":"mid-century-clocks-for-home-mediterranean-decor-jt21293","status":"publish","type":"product","link":"https:\/\/jjthomedeco.com\/fr\/products\/mid-century-clocks-for-home-mediterranean-decor-jt21293\/","title":{"rendered":"Horloges Mid Century pour la maison D\u00e9coration m\u00e9diterran\u00e9enne JT21293"},"content":{"rendered":"<p>Horloges Mid Century pour la maison D\u00e9coration m\u00e9diterran\u00e9enne JT21293<\/p>\n<p>Model No: JT21293<\/p>\n<p>Product Size (cm): 57*60<\/p>\n<p>Mat\u00e9riau : Fer, MDF<\/p>\n<p>Couleur : comme sur la photo<\/p>\n<p>MOQ : 10 pi\u00e8ces<\/p>","protected":false},"excerpt":{"rendered":"<p>Model No: JT21293<\/p>\n<p>Product Size (cm): 57*60<\/p>\n<p>Mat\u00e9riau : Fer, MDF<\/p>\n<p>Couleur : comme sur la photo<\/p>\n<p>MOQ : 10 pi\u00e8ces<\/p>","protected":false},"featured_media":18532,"comment_status":"open","ping_status":"closed","template":"","meta":[],"product_cat":[52,50],"product_tag":[72,80,87,65],"yoast_head":"<!-- This site is optimized with the Yoast SEO Premium plugin v20.5 (Yoast SEO v23.0) - https:\/\/yoast.com\/wordpress\/plugins\/seo\/ -->\n<title>Mid Century Clocks for Home Mediterranean Decor JT21293<\/title>\n<meta name=\"description\" content=\"Mid Century Clocks for Home Mediterranean Decor JT21293 - Perfect Design for Bedroom Decor\" \/>\n<meta name=\"robots\" content=\"index, follow, max-snippet:-1, max-image-preview:large, max-video-preview:-1\" \/>\n<link rel=\"canonical\" href=\"https:\/\/jjthomedeco.com\/fr\/products\/mid-century-clocks-for-home-mediterranean-decor-jt21293\/\" \/>\n<meta property=\"og:locale\" content=\"fr_FR\" \/>\n<meta property=\"og:type\" content=\"article\" \/>\n<meta property=\"og:title\" content=\"Mid Century Clocks for Home Mediterranean Decor JT21293\" \/>\n<meta property=\"og:description\" content=\"Mid Century Clocks for Home Mediterranean Decor JT21293 - Perfect Design for Bedroom Decor\" \/>\n<meta property=\"og:url\" content=\"https:\/\/jjthomedeco.com\/fr\/products\/mid-century-clocks-for-home-mediterranean-decor-jt21293\/\" \/>\n<meta property=\"og:site_name\" content=\"Top Luxury Modern Wall Clocks Supplier &amp; Manufacturer JJT, Wholesale Home Decoration Wall Painting, Metal Wall Art &amp; Wall Mirror from Factory in China\" \/>\n<meta property=\"article:publisher\" content=\"https:\/\/www.facebook.com\/JJTWallClock\" \/>\n<meta property=\"article:modified_time\" content=\"2023-10-06T09:07:10+00:00\" \/>\n<meta property=\"og:image\" content=\"https:\/\/jjthomedeco.com\/wp-content\/uploads\/2023\/08\/Mid-Century-Clocks-for-Home-Mediterranean-Decor-JT21293-1.webp\" \/>\n\t<meta property=\"og:image:width\" content=\"800\" \/>\n\t<meta property=\"og:image:height\" content=\"800\" \/>\n\t<meta property=\"og:image:type\" content=\"image\/webp\" \/>\n<meta name=\"twitter:card\" content=\"summary_large_image\" \/>\n<meta name=\"twitter:label1\" content=\"Dur\u00e9e de lecture estim\u00e9e\" \/>\n\t<meta name=\"twitter:data1\" content=\"1 minute\" \/>\n<script type=\"application\/ld+json\" class=\"yoast-schema-graph\">{\"@context\":\"https:\/\/schema.org\",\"@graph\":[{\"@type\":\"WebPage\",\"@id\":\"https:\/\/jjthomedeco.com\/products\/mid-century-clocks-for-home-mediterranean-decor-jt21293\/\",\"url\":\"https:\/\/jjthomedeco.com\/products\/mid-century-clocks-for-home-mediterranean-decor-jt21293\/\",\"name\":\"Mid Century Clocks for Home Mediterranean Decor JT21293\",\"isPartOf\":{\"@id\":\"https:\/\/jjthomedeco.com\/#website\"},\"primaryImageOfPage\":{\"@id\":\"https:\/\/jjthomedeco.com\/products\/mid-century-clocks-for-home-mediterranean-decor-jt21293\/#primaryimage\"},\"image\":{\"@id\":\"https:\/\/jjthomedeco.com\/products\/mid-century-clocks-for-home-mediterranean-decor-jt21293\/#primaryimage\"},\"thumbnailUrl\":\"https:\/\/jjthomedeco.com\/wp-content\/uploads\/2023\/08\/Mid-Century-Clocks-for-Home-Mediterranean-Decor-JT21293-1.webp\",\"datePublished\":\"2023-08-25T08:47:29+00:00\",\"dateModified\":\"2023-10-06T09:07:10+00:00\",\"description\":\"Mid Century Clocks for Home Mediterranean Decor JT21293 - Perfect Design for Bedroom Decor\",\"breadcrumb\":{\"@id\":\"https:\/\/jjthomedeco.com\/products\/mid-century-clocks-for-home-mediterranean-decor-jt21293\/#breadcrumb\"},\"inLanguage\":\"fr-FR\",\"potentialAction\":[{\"@type\":\"ReadAction\",\"target\":[\"https:\/\/jjthomedeco.com\/products\/mid-century-clocks-for-home-mediterranean-decor-jt21293\/\"]}]},{\"@type\":\"ImageObject\",\"inLanguage\":\"fr-FR\",\"@id\":\"https:\/\/jjthomedeco.com\/products\/mid-century-clocks-for-home-mediterranean-decor-jt21293\/#primaryimage\",\"url\":\"https:\/\/jjthomedeco.com\/wp-content\/uploads\/2023\/08\/Mid-Century-Clocks-for-Home-Mediterranean-Decor-JT21293-1.webp\",\"contentUrl\":\"https:\/\/jjthomedeco.com\/wp-content\/uploads\/2023\/08\/Mid-Century-Clocks-for-Home-Mediterranean-Decor-JT21293-1.webp\",\"width\":800,\"height\":800,\"caption\":\"Mid Century Clocks for Home Mediterranean Decor JT21293\"},{\"@type\":\"BreadcrumbList\",\"@id\":\"https:\/\/jjthomedeco.com\/products\/mid-century-clocks-for-home-mediterranean-decor-jt21293\/#breadcrumb\",\"itemListElement\":[{\"@type\":\"ListItem\",\"position\":1,\"name\":\"Home\",\"item\":\"https:\/\/jjthomedeco.com\/\"},{\"@type\":\"ListItem\",\"position\":2,\"name\":\"PRODUCTS\",\"item\":\"https:\/\/jjthomedeco.com\/products\/\"},{\"@type\":\"ListItem\",\"position\":3,\"name\":\"Mid Century Clocks for Home Mediterranean Decor JT21293\"}]},{\"@type\":\"WebSite\",\"@id\":\"https:\/\/jjthomedeco.com\/#website\",\"url\":\"https:\/\/jjthomedeco.com\/\",\"name\":\"Top Luxury Modern Wall Clocks Supplier &amp; Manufacturer JJT, Wholesale Home Decoration Wall Painting, Metal Wall Art &amp; Wall Mirror from Factory in China\",\"description\":\"JJT Wall Clock - Zhejiang JJT Art Craft Co., LTD.\",\"publisher\":{\"@id\":\"https:\/\/jjthomedeco.com\/#organization\"},\"potentialAction\":[{\"@type\":\"SearchAction\",\"target\":{\"@type\":\"EntryPoint\",\"urlTemplate\":\"https:\/\/jjthomedeco.com\/?s={search_term_string}\"},\"query-input\":\"required name=search_term_string\"}],\"inLanguage\":\"fr-FR\"},{\"@type\":\"Organization\",\"@id\":\"https:\/\/jjthomedeco.com\/#organization\",\"name\":\"Zhejiang JJT Art Craft Co., LTD.\",\"url\":\"https:\/\/jjthomedeco.com\/\",\"logo\":{\"@type\":\"ImageObject\",\"inLanguage\":\"fr-FR\",\"@id\":\"https:\/\/jjthomedeco.com\/#\/schema\/logo\/image\/\",\"url\":\"https:\/\/jjthomedeco.com\/wp-content\/uploads\/2023\/04\/JJT-Wall-Clock-for-Interior-Home-Decoration.png\",\"contentUrl\":\"https:\/\/jjthomedeco.com\/wp-content\/uploads\/2023\/04\/JJT-Wall-Clock-for-Interior-Home-Decoration.png\",\"width\":241,\"height\":241,\"caption\":\"Zhejiang JJT Art Craft Co., LTD.\"},\"image\":{\"@id\":\"https:\/\/jjthomedeco.com\/#\/schema\/logo\/image\/\"},\"sameAs\":[\"https:\/\/www.facebook.com\/JJTWallClock\"]}]}<\/script>\n<!-- \/ Yoast SEO Premium plugin. -->","yoast_head_json":{"title":"Mid Century Clocks for Home Mediterranean Decor JT21293","description":"Mid Century Clocks for Home Mediterranean Decor JT21293 - Perfect Design for Bedroom Decor","robots":{"index":"index","follow":"follow","max-snippet":"max-snippet:-1","max-image-preview":"max-image-preview:large","max-video-preview":"max-video-preview:-1"},"canonical":"https:\/\/jjthomedeco.com\/fr\/products\/mid-century-clocks-for-home-mediterranean-decor-jt21293\/","og_locale":"fr_FR","og_type":"article","og_title":"Mid Century Clocks for Home Mediterranean Decor JT21293","og_description":"Mid Century Clocks for Home Mediterranean Decor JT21293 - Perfect Design for Bedroom Decor","og_url":"https:\/\/jjthomedeco.com\/fr\/products\/mid-century-clocks-for-home-mediterranean-decor-jt21293\/","og_site_name":"Top Luxury Modern Wall Clocks Supplier &amp; Manufacturer JJT, Wholesale Home Decoration Wall Painting, Metal Wall Art &amp; Wall Mirror from Factory in China","article_publisher":"https:\/\/www.facebook.com\/JJTWallClock","article_modified_time":"2023-10-06T09:07:10+00:00","og_image":[{"width":800,"height":800,"url":"https:\/\/jjthomedeco.com\/wp-content\/uploads\/2023\/08\/Mid-Century-Clocks-for-Home-Mediterranean-Decor-JT21293-1.webp","type":"image\/webp"}],"twitter_card":"summary_large_image","twitter_misc":{"Dur\u00e9e de lecture estim\u00e9e":"1 minute"},"schema":{"@context":"https:\/\/schema.org","@graph":[{"@type":"WebPage","@id":"https:\/\/jjthomedeco.com\/products\/mid-century-clocks-for-home-mediterranean-decor-jt21293\/","url":"https:\/\/jjthomedeco.com\/products\/mid-century-clocks-for-home-mediterranean-decor-jt21293\/","name":"Mid Century Clocks for Home Mediterranean Decor JT21293","isPartOf":{"@id":"https:\/\/jjthomedeco.com\/#website"},"primaryImageOfPage":{"@id":"https:\/\/jjthomedeco.com\/products\/mid-century-clocks-for-home-mediterranean-decor-jt21293\/#primaryimage"},"image":{"@id":"https:\/\/jjthomedeco.com\/products\/mid-century-clocks-for-home-mediterranean-decor-jt21293\/#primaryimage"},"thumbnailUrl":"https:\/\/jjthomedeco.com\/wp-content\/uploads\/2023\/08\/Mid-Century-Clocks-for-Home-Mediterranean-Decor-JT21293-1.webp","datePublished":"2023-08-25T08:47:29+00:00","dateModified":"2023-10-06T09:07:10+00:00","description":"Mid Century Clocks for Home Mediterranean Decor JT21293 - Perfect Design for Bedroom Decor","breadcrumb":{"@id":"https:\/\/jjthomedeco.com\/products\/mid-century-clocks-for-home-mediterranean-decor-jt21293\/#breadcrumb"},"inLanguage":"fr-FR","potentialAction":[{"@type":"ReadAction","target":["https:\/\/jjthomedeco.com\/products\/mid-century-clocks-for-home-mediterranean-decor-jt21293\/"]}]},{"@type":"ImageObject","inLanguage":"fr-FR","@id":"https:\/\/jjthomedeco.com\/products\/mid-century-clocks-for-home-mediterranean-decor-jt21293\/#primaryimage","url":"https:\/\/jjthomedeco.com\/wp-content\/uploads\/2023\/08\/Mid-Century-Clocks-for-Home-Mediterranean-Decor-JT21293-1.webp","contentUrl":"https:\/\/jjthomedeco.com\/wp-content\/uploads\/2023\/08\/Mid-Century-Clocks-for-Home-Mediterranean-Decor-JT21293-1.webp","width":800,"height":800,"caption":"Mid Century Clocks for Home Mediterranean Decor JT21293"},{"@type":"BreadcrumbList","@id":"https:\/\/jjthomedeco.com\/products\/mid-century-clocks-for-home-mediterranean-decor-jt21293\/#breadcrumb","itemListElement":[{"@type":"ListItem","position":1,"name":"Home","item":"https:\/\/jjthomedeco.com\/"},{"@type":"ListItem","position":2,"name":"PRODUCTS","item":"https:\/\/jjthomedeco.com\/products\/"},{"@type":"ListItem","position":3,"name":"Mid Century Clocks for Home Mediterranean Decor JT21293"}]},{"@type":"WebSite","@id":"https:\/\/jjthomedeco.com\/#website","url":"https:\/\/jjthomedeco.com\/","name":"Top Luxury Modern Wall Clocks Supplier &amp; Manufacturer JJT, Wholesale Home Decoration Wall Painting, Metal Wall Art &amp; Wall Mirror from Factory in China","description":"JJT Wall Clock - Zhejiang JJT Art Craft Co., LTD.","publisher":{"@id":"https:\/\/jjthomedeco.com\/#organization"},"potentialAction":[{"@type":"SearchAction","target":{"@type":"EntryPoint","urlTemplate":"https:\/\/jjthomedeco.com\/?s={search_term_string}"},"query-input":"required name=search_term_string"}],"inLanguage":"fr-FR"},{"@type":"Organization","@id":"https:\/\/jjthomedeco.com\/#organization","name":"Zhejiang JJT Art Craft Co., LTD.","url":"https:\/\/jjthomedeco.com\/","logo":{"@type":"ImageObject","inLanguage":"fr-FR","@id":"https:\/\/jjthomedeco.com\/#\/schema\/logo\/image\/","url":"https:\/\/jjthomedeco.com\/wp-content\/uploads\/2023\/04\/JJT-Wall-Clock-for-Interior-Home-Decoration.png","contentUrl":"https:\/\/jjthomedeco.com\/wp-content\/uploads\/2023\/04\/JJT-Wall-Clock-for-Interior-Home-Decoration.png","width":241,"height":241,"caption":"Zhejiang JJT Art Craft Co., LTD."},"image":{"@id":"https:\/\/jjthomedeco.com\/#\/schema\/logo\/image\/"},"sameAs":["https:\/\/www.facebook.com\/JJTWallClock"]}]}},"_links":{"self":[{"href":"https:\/\/jjthomedeco.com\/fr\/wp-json\/wp\/v2\/product\/18531"}],"collection":[{"href":"https:\/\/jjthomedeco.com\/fr\/wp-json\/wp\/v2\/product"}],"about":[{"href":"https:\/\/jjthomedeco.com\/fr\/wp-json\/wp\/v2\/types\/product"}],"replies":[{"embeddable":true,"href":"https:\/\/jjthomedeco.com\/fr\/wp-json\/wp\/v2\/comments?post=18531"}],"version-history":[{"count":1,"href":"https:\/\/jjthomedeco.com\/fr\/wp-json\/wp\/v2\/product\/18531\/revisions"}],"predecessor-version":[{"id":18544,"href":"https:\/\/jjthomedeco.com\/fr\/wp-json\/wp\/v2\/product\/18531\/revisions\/18544"}],"wp:featuredmedia":[{"embeddable":true,"href":"https:\/\/jjthomedeco.com\/fr\/wp-json\/wp\/v2\/media\/18532"}],"wp:attachment":[{"href":"https:\/\/jjthomedeco.com\/fr\/wp-json\/wp\/v2\/media?parent=18531"}],"wp:term":[{"taxonomy":"product_cat","embeddable":true,"href":"https:\/\/jjthomedeco.com\/fr\/wp-json\/wp\/v2\/product_cat?post=18531"},{"taxonomy":"product_tag","embeddable":true,"href":"https:\/\/jjthomedeco.com\/fr\/wp-json\/wp\/v2\/product_tag?post=18531"}],"curies":[{"name":"wp","href":"https:\/\/api.w.org\/{rel}","templated":true}]}}