{"id":3642,"date":"2023-05-17T17:01:13","date_gmt":"2023-05-17T09:01:13","guid":{"rendered":"https:\/\/jjthomedeco.com\/?post_type=product&#038;p=3642"},"modified":"2023-05-17T17:09:04","modified_gmt":"2023-05-17T09:09:04","slug":"wall-clocks-for-home-decor-luxury-in-malaysia-jt21230","status":"publish","type":"product","link":"https:\/\/jjthomedeco.com\/fr\/products\/wall-clocks-for-home-decor-luxury-in-malaysia-jt21230\/","title":{"rendered":"Horloges murales en MDF pour la d\u00e9coration d'int\u00e9rieur Luxe JT21230"},"content":{"rendered":"<p>Horloges murales en MDF pour la d\u00e9coration d'int\u00e9rieur Luxe JT21230<\/p>\n<p>Model No: JT21230<\/p>\n<p>Product Size (cm): 73*31, 100*42, 135*57<\/p>\n<p>Mat\u00e9riau : Fer, MDF<\/p>\n<p>Couleur : comme sur la photo<\/p>\n<p>MOQ : 10 pi\u00e8ces<\/p>","protected":false},"excerpt":{"rendered":"<p>Model No: JT21230<\/p>\n<p>Product Size (cm): 73*31, 100*42, 135*57<\/p>\n<p>Mat\u00e9riau : Fer, MDF<\/p>\n<p>Couleur : comme sur la photo<\/p>\n<p>MOQ : 10 pi\u00e8ces<\/p>","protected":false},"featured_media":3644,"comment_status":"open","ping_status":"closed","template":"","meta":[],"product_cat":[53,52,50],"product_tag":[80,65],"yoast_head":"<!-- This site is optimized with the Yoast SEO Premium plugin v20.5 (Yoast SEO v23.0) - https:\/\/yoast.com\/wordpress\/plugins\/seo\/ -->\n<title>MDF Wall Clocks for Home Decor Luxury JT21230 -<\/title>\n<meta name=\"description\" content=\"MDF Wall Clocks for Home Decor Luxury JT21230 - Top Luxury Modern Wall Clocks Supplier &amp; Manufacturer JJT, Wholesale Home Decoration Wall Painting, Metal Wall Art &amp; Wall Mirror from Factory in China\" \/>\n<meta name=\"robots\" content=\"index, follow, max-snippet:-1, max-image-preview:large, max-video-preview:-1\" \/>\n<link rel=\"canonical\" href=\"https:\/\/jjthomedeco.com\/fr\/products\/wall-clocks-for-home-decor-luxury-in-malaysia-jt21230\/\" \/>\n<meta property=\"og:locale\" content=\"fr_FR\" \/>\n<meta property=\"og:type\" content=\"article\" \/>\n<meta property=\"og:title\" content=\"MDF Wall Clocks for Home Decor Luxury JT21230\" \/>\n<meta property=\"og:description\" content=\"MDF Wall Clocks for Home Decor Luxury JT21230 - Top Luxury Modern Wall Clocks Supplier &amp; Manufacturer JJT, Wholesale Home Decoration Wall Painting, Metal Wall Art &amp; Wall Mirror from Factory in China\" \/>\n<meta property=\"og:url\" content=\"https:\/\/jjthomedeco.com\/fr\/products\/wall-clocks-for-home-decor-luxury-in-malaysia-jt21230\/\" \/>\n<meta property=\"og:site_name\" content=\"Top Luxury Modern Wall Clocks Supplier &amp; Manufacturer JJT, Wholesale Home Decoration Wall Painting, Metal Wall Art &amp; Wall Mirror from Factory in China\" \/>\n<meta property=\"article:publisher\" content=\"https:\/\/www.facebook.com\/JJTWallClock\" \/>\n<meta property=\"article:modified_time\" content=\"2023-05-17T09:09:04+00:00\" \/>\n<meta property=\"og:image\" content=\"https:\/\/jjthomedeco.com\/wp-content\/uploads\/2023\/05\/MDF-Wall-Clock-for-Home-Decor-Luxury-JT21230-2.webp\" \/>\n\t<meta property=\"og:image:width\" content=\"800\" \/>\n\t<meta property=\"og:image:height\" content=\"800\" \/>\n\t<meta property=\"og:image:type\" content=\"image\/webp\" \/>\n<meta name=\"twitter:card\" content=\"summary_large_image\" \/>\n<meta name=\"twitter:label1\" content=\"Dur\u00e9e de lecture estim\u00e9e\" \/>\n\t<meta name=\"twitter:data1\" content=\"1 minute\" \/>\n<script type=\"application\/ld+json\" class=\"yoast-schema-graph\">{\"@context\":\"https:\/\/schema.org\",\"@graph\":[{\"@type\":\"WebPage\",\"@id\":\"https:\/\/jjthomedeco.com\/products\/wall-clocks-for-home-decor-luxury-in-malaysia-jt21230\/\",\"url\":\"https:\/\/jjthomedeco.com\/products\/wall-clocks-for-home-decor-luxury-in-malaysia-jt21230\/\",\"name\":\"MDF Wall Clocks for Home Decor Luxury JT21230 -\",\"isPartOf\":{\"@id\":\"https:\/\/jjthomedeco.com\/#website\"},\"primaryImageOfPage\":{\"@id\":\"https:\/\/jjthomedeco.com\/products\/wall-clocks-for-home-decor-luxury-in-malaysia-jt21230\/#primaryimage\"},\"image\":{\"@id\":\"https:\/\/jjthomedeco.com\/products\/wall-clocks-for-home-decor-luxury-in-malaysia-jt21230\/#primaryimage\"},\"thumbnailUrl\":\"https:\/\/jjthomedeco.com\/wp-content\/uploads\/2023\/05\/MDF-Wall-Clock-for-Home-Decor-Luxury-JT21230-2.webp\",\"datePublished\":\"2023-05-17T09:01:13+00:00\",\"dateModified\":\"2023-05-17T09:09:04+00:00\",\"description\":\"MDF Wall Clocks for Home Decor Luxury JT21230 - Top Luxury Modern Wall Clocks Supplier &amp; Manufacturer JJT, Wholesale Home Decoration Wall Painting, Metal Wall Art &amp; Wall Mirror from Factory in China\",\"breadcrumb\":{\"@id\":\"https:\/\/jjthomedeco.com\/products\/wall-clocks-for-home-decor-luxury-in-malaysia-jt21230\/#breadcrumb\"},\"inLanguage\":\"fr-FR\",\"potentialAction\":[{\"@type\":\"ReadAction\",\"target\":[\"https:\/\/jjthomedeco.com\/products\/wall-clocks-for-home-decor-luxury-in-malaysia-jt21230\/\"]}]},{\"@type\":\"ImageObject\",\"inLanguage\":\"fr-FR\",\"@id\":\"https:\/\/jjthomedeco.com\/products\/wall-clocks-for-home-decor-luxury-in-malaysia-jt21230\/#primaryimage\",\"url\":\"https:\/\/jjthomedeco.com\/wp-content\/uploads\/2023\/05\/MDF-Wall-Clock-for-Home-Decor-Luxury-JT21230-2.webp\",\"contentUrl\":\"https:\/\/jjthomedeco.com\/wp-content\/uploads\/2023\/05\/MDF-Wall-Clock-for-Home-Decor-Luxury-JT21230-2.webp\",\"width\":800,\"height\":800,\"caption\":\"MDF Wall Clock for Home Decor Luxury JT21230\"},{\"@type\":\"BreadcrumbList\",\"@id\":\"https:\/\/jjthomedeco.com\/products\/wall-clocks-for-home-decor-luxury-in-malaysia-jt21230\/#breadcrumb\",\"itemListElement\":[{\"@type\":\"ListItem\",\"position\":1,\"name\":\"Home\",\"item\":\"https:\/\/jjthomedeco.com\/\"},{\"@type\":\"ListItem\",\"position\":2,\"name\":\"PRODUCTS\",\"item\":\"https:\/\/jjthomedeco.com\/products\/\"},{\"@type\":\"ListItem\",\"position\":3,\"name\":\"MDF Wall Clocks for Home Decor Luxury JT21230\"}]},{\"@type\":\"WebSite\",\"@id\":\"https:\/\/jjthomedeco.com\/#website\",\"url\":\"https:\/\/jjthomedeco.com\/\",\"name\":\"Top Luxury Modern Wall Clocks Supplier &amp; Manufacturer JJT, Wholesale Home Decoration Wall Painting, Metal Wall Art &amp; Wall Mirror from Factory in China\",\"description\":\"JJT Wall Clock - Zhejiang JJT Art Craft Co., LTD.\",\"publisher\":{\"@id\":\"https:\/\/jjthomedeco.com\/#organization\"},\"potentialAction\":[{\"@type\":\"SearchAction\",\"target\":{\"@type\":\"EntryPoint\",\"urlTemplate\":\"https:\/\/jjthomedeco.com\/?s={search_term_string}\"},\"query-input\":\"required name=search_term_string\"}],\"inLanguage\":\"fr-FR\"},{\"@type\":\"Organization\",\"@id\":\"https:\/\/jjthomedeco.com\/#organization\",\"name\":\"Zhejiang JJT Art Craft Co., LTD.\",\"url\":\"https:\/\/jjthomedeco.com\/\",\"logo\":{\"@type\":\"ImageObject\",\"inLanguage\":\"fr-FR\",\"@id\":\"https:\/\/jjthomedeco.com\/#\/schema\/logo\/image\/\",\"url\":\"https:\/\/jjthomedeco.com\/wp-content\/uploads\/2023\/04\/JJT-Wall-Clock-for-Interior-Home-Decoration.png\",\"contentUrl\":\"https:\/\/jjthomedeco.com\/wp-content\/uploads\/2023\/04\/JJT-Wall-Clock-for-Interior-Home-Decoration.png\",\"width\":241,\"height\":241,\"caption\":\"Zhejiang JJT Art Craft Co., LTD.\"},\"image\":{\"@id\":\"https:\/\/jjthomedeco.com\/#\/schema\/logo\/image\/\"},\"sameAs\":[\"https:\/\/www.facebook.com\/JJTWallClock\"]}]}<\/script>\n<!-- \/ Yoast SEO Premium plugin. -->","yoast_head_json":{"title":"MDF Wall Clocks for Home Decor Luxury JT21230 -","description":"MDF Wall Clocks for Home Decor Luxury JT21230 - Top Luxury Modern Wall Clocks Supplier &amp; Manufacturer JJT, Wholesale Home Decoration Wall Painting, Metal Wall Art &amp; Wall Mirror from Factory in China","robots":{"index":"index","follow":"follow","max-snippet":"max-snippet:-1","max-image-preview":"max-image-preview:large","max-video-preview":"max-video-preview:-1"},"canonical":"https:\/\/jjthomedeco.com\/fr\/products\/wall-clocks-for-home-decor-luxury-in-malaysia-jt21230\/","og_locale":"fr_FR","og_type":"article","og_title":"MDF Wall Clocks for Home Decor Luxury JT21230","og_description":"MDF Wall Clocks for Home Decor Luxury JT21230 - Top Luxury Modern Wall Clocks Supplier &amp; Manufacturer JJT, Wholesale Home Decoration Wall Painting, Metal Wall Art &amp; Wall Mirror from Factory in China","og_url":"https:\/\/jjthomedeco.com\/fr\/products\/wall-clocks-for-home-decor-luxury-in-malaysia-jt21230\/","og_site_name":"Top Luxury Modern Wall Clocks Supplier &amp; Manufacturer JJT, Wholesale Home Decoration Wall Painting, Metal Wall Art &amp; Wall Mirror from Factory in China","article_publisher":"https:\/\/www.facebook.com\/JJTWallClock","article_modified_time":"2023-05-17T09:09:04+00:00","og_image":[{"width":800,"height":800,"url":"https:\/\/jjthomedeco.com\/wp-content\/uploads\/2023\/05\/MDF-Wall-Clock-for-Home-Decor-Luxury-JT21230-2.webp","type":"image\/webp"}],"twitter_card":"summary_large_image","twitter_misc":{"Dur\u00e9e de lecture estim\u00e9e":"1 minute"},"schema":{"@context":"https:\/\/schema.org","@graph":[{"@type":"WebPage","@id":"https:\/\/jjthomedeco.com\/products\/wall-clocks-for-home-decor-luxury-in-malaysia-jt21230\/","url":"https:\/\/jjthomedeco.com\/products\/wall-clocks-for-home-decor-luxury-in-malaysia-jt21230\/","name":"MDF Wall Clocks for Home Decor Luxury JT21230 -","isPartOf":{"@id":"https:\/\/jjthomedeco.com\/#website"},"primaryImageOfPage":{"@id":"https:\/\/jjthomedeco.com\/products\/wall-clocks-for-home-decor-luxury-in-malaysia-jt21230\/#primaryimage"},"image":{"@id":"https:\/\/jjthomedeco.com\/products\/wall-clocks-for-home-decor-luxury-in-malaysia-jt21230\/#primaryimage"},"thumbnailUrl":"https:\/\/jjthomedeco.com\/wp-content\/uploads\/2023\/05\/MDF-Wall-Clock-for-Home-Decor-Luxury-JT21230-2.webp","datePublished":"2023-05-17T09:01:13+00:00","dateModified":"2023-05-17T09:09:04+00:00","description":"MDF Wall Clocks for Home Decor Luxury JT21230 - Top Luxury Modern Wall Clocks Supplier &amp; Manufacturer JJT, Wholesale Home Decoration Wall Painting, Metal Wall Art &amp; Wall Mirror from Factory in China","breadcrumb":{"@id":"https:\/\/jjthomedeco.com\/products\/wall-clocks-for-home-decor-luxury-in-malaysia-jt21230\/#breadcrumb"},"inLanguage":"fr-FR","potentialAction":[{"@type":"ReadAction","target":["https:\/\/jjthomedeco.com\/products\/wall-clocks-for-home-decor-luxury-in-malaysia-jt21230\/"]}]},{"@type":"ImageObject","inLanguage":"fr-FR","@id":"https:\/\/jjthomedeco.com\/products\/wall-clocks-for-home-decor-luxury-in-malaysia-jt21230\/#primaryimage","url":"https:\/\/jjthomedeco.com\/wp-content\/uploads\/2023\/05\/MDF-Wall-Clock-for-Home-Decor-Luxury-JT21230-2.webp","contentUrl":"https:\/\/jjthomedeco.com\/wp-content\/uploads\/2023\/05\/MDF-Wall-Clock-for-Home-Decor-Luxury-JT21230-2.webp","width":800,"height":800,"caption":"MDF Wall Clock for Home Decor Luxury JT21230"},{"@type":"BreadcrumbList","@id":"https:\/\/jjthomedeco.com\/products\/wall-clocks-for-home-decor-luxury-in-malaysia-jt21230\/#breadcrumb","itemListElement":[{"@type":"ListItem","position":1,"name":"Home","item":"https:\/\/jjthomedeco.com\/"},{"@type":"ListItem","position":2,"name":"PRODUCTS","item":"https:\/\/jjthomedeco.com\/products\/"},{"@type":"ListItem","position":3,"name":"MDF Wall Clocks for Home Decor Luxury JT21230"}]},{"@type":"WebSite","@id":"https:\/\/jjthomedeco.com\/#website","url":"https:\/\/jjthomedeco.com\/","name":"Top Luxury Modern Wall Clocks Supplier &amp; Manufacturer JJT, Wholesale Home Decoration Wall Painting, Metal Wall Art &amp; Wall Mirror from Factory in China","description":"JJT Wall Clock - Zhejiang JJT Art Craft Co., LTD.","publisher":{"@id":"https:\/\/jjthomedeco.com\/#organization"},"potentialAction":[{"@type":"SearchAction","target":{"@type":"EntryPoint","urlTemplate":"https:\/\/jjthomedeco.com\/?s={search_term_string}"},"query-input":"required name=search_term_string"}],"inLanguage":"fr-FR"},{"@type":"Organization","@id":"https:\/\/jjthomedeco.com\/#organization","name":"Zhejiang JJT Art Craft Co., LTD.","url":"https:\/\/jjthomedeco.com\/","logo":{"@type":"ImageObject","inLanguage":"fr-FR","@id":"https:\/\/jjthomedeco.com\/#\/schema\/logo\/image\/","url":"https:\/\/jjthomedeco.com\/wp-content\/uploads\/2023\/04\/JJT-Wall-Clock-for-Interior-Home-Decoration.png","contentUrl":"https:\/\/jjthomedeco.com\/wp-content\/uploads\/2023\/04\/JJT-Wall-Clock-for-Interior-Home-Decoration.png","width":241,"height":241,"caption":"Zhejiang JJT Art Craft Co., LTD."},"image":{"@id":"https:\/\/jjthomedeco.com\/#\/schema\/logo\/image\/"},"sameAs":["https:\/\/www.facebook.com\/JJTWallClock"]}]}},"_links":{"self":[{"href":"https:\/\/jjthomedeco.com\/fr\/wp-json\/wp\/v2\/product\/3642"}],"collection":[{"href":"https:\/\/jjthomedeco.com\/fr\/wp-json\/wp\/v2\/product"}],"about":[{"href":"https:\/\/jjthomedeco.com\/fr\/wp-json\/wp\/v2\/types\/product"}],"replies":[{"embeddable":true,"href":"https:\/\/jjthomedeco.com\/fr\/wp-json\/wp\/v2\/comments?post=3642"}],"version-history":[{"count":1,"href":"https:\/\/jjthomedeco.com\/fr\/wp-json\/wp\/v2\/product\/3642\/revisions"}],"predecessor-version":[{"id":3646,"href":"https:\/\/jjthomedeco.com\/fr\/wp-json\/wp\/v2\/product\/3642\/revisions\/3646"}],"wp:featuredmedia":[{"embeddable":true,"href":"https:\/\/jjthomedeco.com\/fr\/wp-json\/wp\/v2\/media\/3644"}],"wp:attachment":[{"href":"https:\/\/jjthomedeco.com\/fr\/wp-json\/wp\/v2\/media?parent=3642"}],"wp:term":[{"taxonomy":"product_cat","embeddable":true,"href":"https:\/\/jjthomedeco.com\/fr\/wp-json\/wp\/v2\/product_cat?post=3642"},{"taxonomy":"product_tag","embeddable":true,"href":"https:\/\/jjthomedeco.com\/fr\/wp-json\/wp\/v2\/product_tag?post=3642"}],"curies":[{"name":"wp","href":"https:\/\/api.w.org\/{rel}","templated":true}]}}