{"id":18607,"date":"2023-08-25T17:07:58","date_gmt":"2023-08-25T09:07:58","guid":{"rendered":"https:\/\/jjthomedeco.com\/?post_type=product&#038;p=18607"},"modified":"2023-10-06T17:06:40","modified_gmt":"2023-10-06T09:06:40","slug":"children-bedroom-decoration-ideas-jjt-cute-wall-clock-jt22250","status":"publish","type":"product","link":"https:\/\/jjthomedeco.com\/pl\/products\/children-bedroom-decoration-ideas-jjt-cute-wall-clock-jt22250\/","title":{"rendered":"Pomys\u0142y na dekoracj\u0119 sypialni dzieci\u0119cej JJT \u015aliczny zegar \u015bcienny JT22250"},"content":{"rendered":"<p>Pomys\u0142y na dekoracj\u0119 sypialni dzieci\u0119cej JJT \u015aliczny zegar \u015bcienny JT22250<\/p>\n<p>Model No: JT22250<\/p>\n<p>Product Size (cm): 40*40<\/p>\n<p>Materia\u0142: \u017belazo, MDF<\/p>\n<p>Kolor: jak na zdj\u0119ciu<\/p>\n<p>MOQ: 10szt<\/p>","protected":false},"excerpt":{"rendered":"<p>Model No: JT22250<\/p>\n<p>Product Size (cm): 40*40<\/p>\n<p>Materia\u0142: \u017belazo, MDF<\/p>\n<p>Kolor: jak na zdj\u0119ciu<\/p>\n<p>MOQ: 10szt<\/p>","protected":false},"featured_media":18608,"comment_status":"open","ping_status":"closed","template":"","meta":[],"product_cat":[52,50],"product_tag":[72,80,87,65],"yoast_head":"<!-- This site is optimized with the Yoast SEO Premium plugin v20.5 (Yoast SEO v23.0) - https:\/\/yoast.com\/wordpress\/plugins\/seo\/ -->\n<title>Children Bedroom Decoration Ideas JJT Cute Wall Clock JT22250<\/title>\n<meta name=\"description\" content=\"Children Bedroom Decoration Ideas JJT Cute Wall Clock JT22250 - Perfect Design for Bedroom Decor\" \/>\n<meta name=\"robots\" content=\"index, follow, max-snippet:-1, max-image-preview:large, max-video-preview:-1\" \/>\n<link rel=\"canonical\" href=\"https:\/\/jjthomedeco.com\/pl\/products\/children-bedroom-decoration-ideas-jjt-cute-wall-clock-jt22250\/\" \/>\n<meta property=\"og:locale\" content=\"pl_PL\" \/>\n<meta property=\"og:type\" content=\"article\" \/>\n<meta property=\"og:title\" content=\"Children Bedroom Decoration Ideas JJT Cute Wall Clock JT22250\" \/>\n<meta property=\"og:description\" content=\"Children Bedroom Decoration Ideas JJT Cute Wall Clock JT22250 - Perfect Design for Bedroom Decor\" \/>\n<meta property=\"og:url\" content=\"https:\/\/jjthomedeco.com\/pl\/products\/children-bedroom-decoration-ideas-jjt-cute-wall-clock-jt22250\/\" \/>\n<meta property=\"og:site_name\" content=\"Top Luxury Modern Wall Clocks Supplier &amp; Manufacturer JJT, Wholesale Home Decoration Wall Painting, Metal Wall Art &amp; Wall Mirror from Factory in China\" \/>\n<meta property=\"article:publisher\" content=\"https:\/\/www.facebook.com\/JJTWallClock\" \/>\n<meta property=\"article:modified_time\" content=\"2023-10-06T09:06:40+00:00\" \/>\n<meta property=\"og:image\" content=\"https:\/\/jjthomedeco.com\/wp-content\/uploads\/2023\/08\/Children-Bedroom-Decoration-Ideas-JJT-Cute-Wall-Clock-JT22250-1.webp\" \/>\n\t<meta property=\"og:image:width\" content=\"800\" \/>\n\t<meta property=\"og:image:height\" content=\"800\" \/>\n\t<meta property=\"og:image:type\" content=\"image\/webp\" \/>\n<meta name=\"twitter:card\" content=\"summary_large_image\" \/>\n<meta name=\"twitter:label1\" content=\"Szacowany czas czytania\" \/>\n\t<meta name=\"twitter:data1\" content=\"1 minuta\" \/>\n<script type=\"application\/ld+json\" class=\"yoast-schema-graph\">{\"@context\":\"https:\/\/schema.org\",\"@graph\":[{\"@type\":\"WebPage\",\"@id\":\"https:\/\/jjthomedeco.com\/products\/children-bedroom-decoration-ideas-jjt-cute-wall-clock-jt22250\/\",\"url\":\"https:\/\/jjthomedeco.com\/products\/children-bedroom-decoration-ideas-jjt-cute-wall-clock-jt22250\/\",\"name\":\"Children Bedroom Decoration Ideas JJT Cute Wall Clock JT22250\",\"isPartOf\":{\"@id\":\"https:\/\/jjthomedeco.com\/#website\"},\"primaryImageOfPage\":{\"@id\":\"https:\/\/jjthomedeco.com\/products\/children-bedroom-decoration-ideas-jjt-cute-wall-clock-jt22250\/#primaryimage\"},\"image\":{\"@id\":\"https:\/\/jjthomedeco.com\/products\/children-bedroom-decoration-ideas-jjt-cute-wall-clock-jt22250\/#primaryimage\"},\"thumbnailUrl\":\"https:\/\/jjthomedeco.com\/wp-content\/uploads\/2023\/08\/Children-Bedroom-Decoration-Ideas-JJT-Cute-Wall-Clock-JT22250-1.webp\",\"datePublished\":\"2023-08-25T09:07:58+00:00\",\"dateModified\":\"2023-10-06T09:06:40+00:00\",\"description\":\"Children Bedroom Decoration Ideas JJT Cute Wall Clock JT22250 - Perfect Design for Bedroom Decor\",\"breadcrumb\":{\"@id\":\"https:\/\/jjthomedeco.com\/products\/children-bedroom-decoration-ideas-jjt-cute-wall-clock-jt22250\/#breadcrumb\"},\"inLanguage\":\"pl-PL\",\"potentialAction\":[{\"@type\":\"ReadAction\",\"target\":[\"https:\/\/jjthomedeco.com\/products\/children-bedroom-decoration-ideas-jjt-cute-wall-clock-jt22250\/\"]}]},{\"@type\":\"ImageObject\",\"inLanguage\":\"pl-PL\",\"@id\":\"https:\/\/jjthomedeco.com\/products\/children-bedroom-decoration-ideas-jjt-cute-wall-clock-jt22250\/#primaryimage\",\"url\":\"https:\/\/jjthomedeco.com\/wp-content\/uploads\/2023\/08\/Children-Bedroom-Decoration-Ideas-JJT-Cute-Wall-Clock-JT22250-1.webp\",\"contentUrl\":\"https:\/\/jjthomedeco.com\/wp-content\/uploads\/2023\/08\/Children-Bedroom-Decoration-Ideas-JJT-Cute-Wall-Clock-JT22250-1.webp\",\"width\":800,\"height\":800,\"caption\":\"Children Bedroom Decoration Ideas JJT Cute Wall Clock JT22250\"},{\"@type\":\"BreadcrumbList\",\"@id\":\"https:\/\/jjthomedeco.com\/products\/children-bedroom-decoration-ideas-jjt-cute-wall-clock-jt22250\/#breadcrumb\",\"itemListElement\":[{\"@type\":\"ListItem\",\"position\":1,\"name\":\"Home\",\"item\":\"https:\/\/jjthomedeco.com\/\"},{\"@type\":\"ListItem\",\"position\":2,\"name\":\"PRODUCTS\",\"item\":\"https:\/\/jjthomedeco.com\/products\/\"},{\"@type\":\"ListItem\",\"position\":3,\"name\":\"Children Bedroom Decoration Ideas JJT Cute Wall Clock JT22250\"}]},{\"@type\":\"WebSite\",\"@id\":\"https:\/\/jjthomedeco.com\/#website\",\"url\":\"https:\/\/jjthomedeco.com\/\",\"name\":\"Top Luxury Modern Wall Clocks Supplier &amp; Manufacturer JJT, Wholesale Home Decoration Wall Painting, Metal Wall Art &amp; Wall Mirror from Factory in China\",\"description\":\"JJT Wall Clock - Zhejiang JJT Art Craft Co., LTD.\",\"publisher\":{\"@id\":\"https:\/\/jjthomedeco.com\/#organization\"},\"potentialAction\":[{\"@type\":\"SearchAction\",\"target\":{\"@type\":\"EntryPoint\",\"urlTemplate\":\"https:\/\/jjthomedeco.com\/?s={search_term_string}\"},\"query-input\":\"required name=search_term_string\"}],\"inLanguage\":\"pl-PL\"},{\"@type\":\"Organization\",\"@id\":\"https:\/\/jjthomedeco.com\/#organization\",\"name\":\"Zhejiang JJT Art Craft Co., LTD.\",\"url\":\"https:\/\/jjthomedeco.com\/\",\"logo\":{\"@type\":\"ImageObject\",\"inLanguage\":\"pl-PL\",\"@id\":\"https:\/\/jjthomedeco.com\/#\/schema\/logo\/image\/\",\"url\":\"https:\/\/jjthomedeco.com\/wp-content\/uploads\/2023\/04\/JJT-Wall-Clock-for-Interior-Home-Decoration.png\",\"contentUrl\":\"https:\/\/jjthomedeco.com\/wp-content\/uploads\/2023\/04\/JJT-Wall-Clock-for-Interior-Home-Decoration.png\",\"width\":241,\"height\":241,\"caption\":\"Zhejiang JJT Art Craft Co., LTD.\"},\"image\":{\"@id\":\"https:\/\/jjthomedeco.com\/#\/schema\/logo\/image\/\"},\"sameAs\":[\"https:\/\/www.facebook.com\/JJTWallClock\"]}]}<\/script>\n<!-- \/ Yoast SEO Premium plugin. -->","yoast_head_json":{"title":"Children Bedroom Decoration Ideas JJT Cute Wall Clock JT22250","description":"Children Bedroom Decoration Ideas JJT Cute Wall Clock JT22250 - Perfect Design for Bedroom Decor","robots":{"index":"index","follow":"follow","max-snippet":"max-snippet:-1","max-image-preview":"max-image-preview:large","max-video-preview":"max-video-preview:-1"},"canonical":"https:\/\/jjthomedeco.com\/pl\/products\/children-bedroom-decoration-ideas-jjt-cute-wall-clock-jt22250\/","og_locale":"pl_PL","og_type":"article","og_title":"Children Bedroom Decoration Ideas JJT Cute Wall Clock JT22250","og_description":"Children Bedroom Decoration Ideas JJT Cute Wall Clock JT22250 - Perfect Design for Bedroom Decor","og_url":"https:\/\/jjthomedeco.com\/pl\/products\/children-bedroom-decoration-ideas-jjt-cute-wall-clock-jt22250\/","og_site_name":"Top Luxury Modern Wall Clocks Supplier &amp; Manufacturer JJT, Wholesale Home Decoration Wall Painting, Metal Wall Art &amp; Wall Mirror from Factory in China","article_publisher":"https:\/\/www.facebook.com\/JJTWallClock","article_modified_time":"2023-10-06T09:06:40+00:00","og_image":[{"width":800,"height":800,"url":"https:\/\/jjthomedeco.com\/wp-content\/uploads\/2023\/08\/Children-Bedroom-Decoration-Ideas-JJT-Cute-Wall-Clock-JT22250-1.webp","type":"image\/webp"}],"twitter_card":"summary_large_image","twitter_misc":{"Szacowany czas czytania":"1 minuta"},"schema":{"@context":"https:\/\/schema.org","@graph":[{"@type":"WebPage","@id":"https:\/\/jjthomedeco.com\/products\/children-bedroom-decoration-ideas-jjt-cute-wall-clock-jt22250\/","url":"https:\/\/jjthomedeco.com\/products\/children-bedroom-decoration-ideas-jjt-cute-wall-clock-jt22250\/","name":"Children Bedroom Decoration Ideas JJT Cute Wall Clock JT22250","isPartOf":{"@id":"https:\/\/jjthomedeco.com\/#website"},"primaryImageOfPage":{"@id":"https:\/\/jjthomedeco.com\/products\/children-bedroom-decoration-ideas-jjt-cute-wall-clock-jt22250\/#primaryimage"},"image":{"@id":"https:\/\/jjthomedeco.com\/products\/children-bedroom-decoration-ideas-jjt-cute-wall-clock-jt22250\/#primaryimage"},"thumbnailUrl":"https:\/\/jjthomedeco.com\/wp-content\/uploads\/2023\/08\/Children-Bedroom-Decoration-Ideas-JJT-Cute-Wall-Clock-JT22250-1.webp","datePublished":"2023-08-25T09:07:58+00:00","dateModified":"2023-10-06T09:06:40+00:00","description":"Children Bedroom Decoration Ideas JJT Cute Wall Clock JT22250 - Perfect Design for Bedroom Decor","breadcrumb":{"@id":"https:\/\/jjthomedeco.com\/products\/children-bedroom-decoration-ideas-jjt-cute-wall-clock-jt22250\/#breadcrumb"},"inLanguage":"pl-PL","potentialAction":[{"@type":"ReadAction","target":["https:\/\/jjthomedeco.com\/products\/children-bedroom-decoration-ideas-jjt-cute-wall-clock-jt22250\/"]}]},{"@type":"ImageObject","inLanguage":"pl-PL","@id":"https:\/\/jjthomedeco.com\/products\/children-bedroom-decoration-ideas-jjt-cute-wall-clock-jt22250\/#primaryimage","url":"https:\/\/jjthomedeco.com\/wp-content\/uploads\/2023\/08\/Children-Bedroom-Decoration-Ideas-JJT-Cute-Wall-Clock-JT22250-1.webp","contentUrl":"https:\/\/jjthomedeco.com\/wp-content\/uploads\/2023\/08\/Children-Bedroom-Decoration-Ideas-JJT-Cute-Wall-Clock-JT22250-1.webp","width":800,"height":800,"caption":"Children Bedroom Decoration Ideas JJT Cute Wall Clock JT22250"},{"@type":"BreadcrumbList","@id":"https:\/\/jjthomedeco.com\/products\/children-bedroom-decoration-ideas-jjt-cute-wall-clock-jt22250\/#breadcrumb","itemListElement":[{"@type":"ListItem","position":1,"name":"Home","item":"https:\/\/jjthomedeco.com\/"},{"@type":"ListItem","position":2,"name":"PRODUCTS","item":"https:\/\/jjthomedeco.com\/products\/"},{"@type":"ListItem","position":3,"name":"Children Bedroom Decoration Ideas JJT Cute Wall Clock JT22250"}]},{"@type":"WebSite","@id":"https:\/\/jjthomedeco.com\/#website","url":"https:\/\/jjthomedeco.com\/","name":"Top Luxury Modern Wall Clocks Supplier &amp; Manufacturer JJT, Wholesale Home Decoration Wall Painting, Metal Wall Art &amp; Wall Mirror from Factory in China","description":"JJT Wall Clock - Zhejiang JJT Art Craft Co., LTD.","publisher":{"@id":"https:\/\/jjthomedeco.com\/#organization"},"potentialAction":[{"@type":"SearchAction","target":{"@type":"EntryPoint","urlTemplate":"https:\/\/jjthomedeco.com\/?s={search_term_string}"},"query-input":"required name=search_term_string"}],"inLanguage":"pl-PL"},{"@type":"Organization","@id":"https:\/\/jjthomedeco.com\/#organization","name":"Zhejiang JJT Art Craft Co., LTD.","url":"https:\/\/jjthomedeco.com\/","logo":{"@type":"ImageObject","inLanguage":"pl-PL","@id":"https:\/\/jjthomedeco.com\/#\/schema\/logo\/image\/","url":"https:\/\/jjthomedeco.com\/wp-content\/uploads\/2023\/04\/JJT-Wall-Clock-for-Interior-Home-Decoration.png","contentUrl":"https:\/\/jjthomedeco.com\/wp-content\/uploads\/2023\/04\/JJT-Wall-Clock-for-Interior-Home-Decoration.png","width":241,"height":241,"caption":"Zhejiang JJT Art Craft Co., LTD."},"image":{"@id":"https:\/\/jjthomedeco.com\/#\/schema\/logo\/image\/"},"sameAs":["https:\/\/www.facebook.com\/JJTWallClock"]}]}},"_links":{"self":[{"href":"https:\/\/jjthomedeco.com\/pl\/wp-json\/wp\/v2\/product\/18607"}],"collection":[{"href":"https:\/\/jjthomedeco.com\/pl\/wp-json\/wp\/v2\/product"}],"about":[{"href":"https:\/\/jjthomedeco.com\/pl\/wp-json\/wp\/v2\/types\/product"}],"replies":[{"embeddable":true,"href":"https:\/\/jjthomedeco.com\/pl\/wp-json\/wp\/v2\/comments?post=18607"}],"version-history":[{"count":1,"href":"https:\/\/jjthomedeco.com\/pl\/wp-json\/wp\/v2\/product\/18607\/revisions"}],"predecessor-version":[{"id":18620,"href":"https:\/\/jjthomedeco.com\/pl\/wp-json\/wp\/v2\/product\/18607\/revisions\/18620"}],"wp:featuredmedia":[{"embeddable":true,"href":"https:\/\/jjthomedeco.com\/pl\/wp-json\/wp\/v2\/media\/18608"}],"wp:attachment":[{"href":"https:\/\/jjthomedeco.com\/pl\/wp-json\/wp\/v2\/media?parent=18607"}],"wp:term":[{"taxonomy":"product_cat","embeddable":true,"href":"https:\/\/jjthomedeco.com\/pl\/wp-json\/wp\/v2\/product_cat?post=18607"},{"taxonomy":"product_tag","embeddable":true,"href":"https:\/\/jjthomedeco.com\/pl\/wp-json\/wp\/v2\/product_tag?post=18607"}],"curies":[{"name":"wp","href":"https:\/\/api.w.org\/{rel}","templated":true}]}}