{"id":2296,"date":"2023-05-08T13:58:53","date_gmt":"2023-05-08T05:58:53","guid":{"rendered":"https:\/\/jjthomedeco.com\/?post_type=product&#038;p=2296"},"modified":"2024-04-09T09:56:45","modified_gmt":"2024-04-09T01:56:45","slug":"home-decor-items-jjt-clocks-for-wall-decoration-jt20181","status":"publish","type":"product","link":"https:\/\/jjthomedeco.com\/pl\/products\/home-decor-items-jjt-clocks-for-wall-decoration-jt20181\/","title":{"rendered":"Elementy wystroju wn\u0119trz Zegary JJT do dekoracji \u015bcian JT20181"},"content":{"rendered":"<p>Elementy wystroju wn\u0119trz Zegary JJT do dekoracji \u015bcian JT20181<\/p>\n<p>Model No: JT20181<\/p>\n<p>Product Size (cm): 40*64, 50*80, 60*100<\/p>\n<p>Materia\u0142: \u017belazo, MDF<\/p>\n<p>Kolor: zielony<\/p>\n<p>MOQ: 10szt<\/p>\n<div style=\"width: 720px;\" class=\"wp-video\"><!--[if lt IE 9]><script>document.createElement('video');<\/script><![endif]-->\n<video class=\"wp-video-shortcode\" id=\"video-2296-1\" width=\"720\" height=\"960\" preload=\"metadata\" controls=\"controls\"><source type=\"video\/mp4\" src=\"https:\/\/jjthomedeco.com\/wp-content\/uploads\/2023\/05\/Home-Decor-Items-JJT-Clocks-for-Wall-Decoration-JT20181.mp4?_=1\" \/><a href=\"https:\/\/jjthomedeco.com\/wp-content\/uploads\/2023\/05\/Home-Decor-Items-JJT-Clocks-for-Wall-Decoration-JT20181.mp4\">https:\/\/jjthomedeco.com\/wp-content\/uploads\/2023\/05\/Home-Decor-Items-JJT-Clocks-for-Wall-Decoration-JT20181.mp4<\/a><\/video><\/div>\n<p>&nbsp;<\/p>","protected":false},"excerpt":{"rendered":"<p>Model No: JT20181<\/p>\n<p>Product Size (cm): 40*64, 50*80, 60*100<\/p>\n<p>Materia\u0142: \u017belazo, MDF<\/p>\n<p>Kolor: zielony<\/p>\n<p>MOQ: 10szt<\/p>\n<p>&nbsp;<\/p>","protected":false},"featured_media":2483,"comment_status":"open","ping_status":"closed","template":"","meta":[],"product_cat":[53,52,50],"product_tag":[],"yoast_head":"<!-- This site is optimized with the Yoast SEO Premium plugin v20.5 (Yoast SEO v23.0) - https:\/\/yoast.com\/wordpress\/plugins\/seo\/ -->\n<title>Home Decor Items JJT Clocks for Wall Decoration JT20181 -<\/title>\n<meta name=\"description\" content=\"Home Decor Items - Clock for Wall Decoration\" \/>\n<meta name=\"robots\" content=\"index, follow, max-snippet:-1, max-image-preview:large, max-video-preview:-1\" \/>\n<link rel=\"canonical\" href=\"https:\/\/jjthomedeco.com\/pl\/products\/home-decor-items-jjt-clocks-for-wall-decoration-jt20181\/\" \/>\n<meta property=\"og:locale\" content=\"pl_PL\" \/>\n<meta property=\"og:type\" content=\"article\" \/>\n<meta property=\"og:title\" content=\"Home Decor Items JJT Clocks for Wall Decoration JT20181\" \/>\n<meta property=\"og:description\" content=\"Home Decor Items - Clock for Wall Decoration\" \/>\n<meta property=\"og:url\" content=\"https:\/\/jjthomedeco.com\/pl\/products\/home-decor-items-jjt-clocks-for-wall-decoration-jt20181\/\" \/>\n<meta property=\"og:site_name\" content=\"Top Luxury Modern Wall Clocks Supplier &amp; Manufacturer JJT, Wholesale Home Decoration Wall Painting, Metal Wall Art &amp; Wall Mirror from Factory in China\" \/>\n<meta property=\"article:publisher\" content=\"https:\/\/www.facebook.com\/JJTWallClock\" \/>\n<meta property=\"article:modified_time\" content=\"2024-04-09T01:56:45+00:00\" \/>\n<meta property=\"og:image\" content=\"https:\/\/jjthomedeco.com\/wp-content\/uploads\/2023\/05\/clocks-for-wall-decoration-jt20181-2.webp\" \/>\n\t<meta property=\"og:image:width\" content=\"800\" \/>\n\t<meta property=\"og:image:height\" content=\"800\" \/>\n\t<meta property=\"og:image:type\" content=\"image\/webp\" \/>\n<meta name=\"twitter:card\" content=\"summary_large_image\" \/>\n<meta name=\"twitter:label1\" content=\"Szacowany czas czytania\" \/>\n\t<meta name=\"twitter:data1\" content=\"1 minuta\" \/>\n<script type=\"application\/ld+json\" class=\"yoast-schema-graph\">{\"@context\":\"https:\/\/schema.org\",\"@graph\":[{\"@type\":\"WebPage\",\"@id\":\"https:\/\/jjthomedeco.com\/products\/home-decor-items-jjt-clocks-for-wall-decoration-jt20181\/\",\"url\":\"https:\/\/jjthomedeco.com\/products\/home-decor-items-jjt-clocks-for-wall-decoration-jt20181\/\",\"name\":\"Home Decor Items JJT Clocks for Wall Decoration JT20181 -\",\"isPartOf\":{\"@id\":\"https:\/\/jjthomedeco.com\/#website\"},\"primaryImageOfPage\":{\"@id\":\"https:\/\/jjthomedeco.com\/products\/home-decor-items-jjt-clocks-for-wall-decoration-jt20181\/#primaryimage\"},\"image\":{\"@id\":\"https:\/\/jjthomedeco.com\/products\/home-decor-items-jjt-clocks-for-wall-decoration-jt20181\/#primaryimage\"},\"thumbnailUrl\":\"https:\/\/jjthomedeco.com\/wp-content\/uploads\/2023\/05\/clocks-for-wall-decoration-jt20181-2.webp\",\"datePublished\":\"2023-05-08T05:58:53+00:00\",\"dateModified\":\"2024-04-09T01:56:45+00:00\",\"description\":\"Home Decor Items - Clock for Wall Decoration\",\"breadcrumb\":{\"@id\":\"https:\/\/jjthomedeco.com\/products\/home-decor-items-jjt-clocks-for-wall-decoration-jt20181\/#breadcrumb\"},\"inLanguage\":\"pl-PL\",\"potentialAction\":[{\"@type\":\"ReadAction\",\"target\":[\"https:\/\/jjthomedeco.com\/products\/home-decor-items-jjt-clocks-for-wall-decoration-jt20181\/\"]}]},{\"@type\":\"ImageObject\",\"inLanguage\":\"pl-PL\",\"@id\":\"https:\/\/jjthomedeco.com\/products\/home-decor-items-jjt-clocks-for-wall-decoration-jt20181\/#primaryimage\",\"url\":\"https:\/\/jjthomedeco.com\/wp-content\/uploads\/2023\/05\/clocks-for-wall-decoration-jt20181-2.webp\",\"contentUrl\":\"https:\/\/jjthomedeco.com\/wp-content\/uploads\/2023\/05\/clocks-for-wall-decoration-jt20181-2.webp\",\"width\":800,\"height\":800},{\"@type\":\"BreadcrumbList\",\"@id\":\"https:\/\/jjthomedeco.com\/products\/home-decor-items-jjt-clocks-for-wall-decoration-jt20181\/#breadcrumb\",\"itemListElement\":[{\"@type\":\"ListItem\",\"position\":1,\"name\":\"Home\",\"item\":\"https:\/\/jjthomedeco.com\/\"},{\"@type\":\"ListItem\",\"position\":2,\"name\":\"PRODUCTS\",\"item\":\"https:\/\/jjthomedeco.com\/products\/\"},{\"@type\":\"ListItem\",\"position\":3,\"name\":\"JT2145\"}]},{\"@type\":\"WebSite\",\"@id\":\"https:\/\/jjthomedeco.com\/#website\",\"url\":\"https:\/\/jjthomedeco.com\/\",\"name\":\"Top Luxury Modern Wall Clocks Supplier &amp; Manufacturer JJT, Wholesale Home Decoration Wall Painting, Metal Wall Art &amp; Wall Mirror from Factory in China\",\"description\":\"JJT Wall Clock - Zhejiang JJT Art Craft Co., LTD.\",\"publisher\":{\"@id\":\"https:\/\/jjthomedeco.com\/#organization\"},\"potentialAction\":[{\"@type\":\"SearchAction\",\"target\":{\"@type\":\"EntryPoint\",\"urlTemplate\":\"https:\/\/jjthomedeco.com\/?s={search_term_string}\"},\"query-input\":\"required name=search_term_string\"}],\"inLanguage\":\"pl-PL\"},{\"@type\":\"Organization\",\"@id\":\"https:\/\/jjthomedeco.com\/#organization\",\"name\":\"Zhejiang JJT Art Craft Co., LTD.\",\"url\":\"https:\/\/jjthomedeco.com\/\",\"logo\":{\"@type\":\"ImageObject\",\"inLanguage\":\"pl-PL\",\"@id\":\"https:\/\/jjthomedeco.com\/#\/schema\/logo\/image\/\",\"url\":\"https:\/\/jjthomedeco.com\/wp-content\/uploads\/2023\/04\/JJT-Wall-Clock-for-Interior-Home-Decoration.png\",\"contentUrl\":\"https:\/\/jjthomedeco.com\/wp-content\/uploads\/2023\/04\/JJT-Wall-Clock-for-Interior-Home-Decoration.png\",\"width\":241,\"height\":241,\"caption\":\"Zhejiang JJT Art Craft Co., LTD.\"},\"image\":{\"@id\":\"https:\/\/jjthomedeco.com\/#\/schema\/logo\/image\/\"},\"sameAs\":[\"https:\/\/www.facebook.com\/JJTWallClock\"]}]}<\/script>\n<!-- \/ Yoast SEO Premium plugin. -->","yoast_head_json":{"title":"Home Decor Items JJT Clocks for Wall Decoration JT20181 -","description":"Home Decor Items - Clock for Wall Decoration","robots":{"index":"index","follow":"follow","max-snippet":"max-snippet:-1","max-image-preview":"max-image-preview:large","max-video-preview":"max-video-preview:-1"},"canonical":"https:\/\/jjthomedeco.com\/pl\/products\/home-decor-items-jjt-clocks-for-wall-decoration-jt20181\/","og_locale":"pl_PL","og_type":"article","og_title":"Home Decor Items JJT Clocks for Wall Decoration JT20181","og_description":"Home Decor Items - Clock for Wall Decoration","og_url":"https:\/\/jjthomedeco.com\/pl\/products\/home-decor-items-jjt-clocks-for-wall-decoration-jt20181\/","og_site_name":"Top Luxury Modern Wall Clocks Supplier &amp; Manufacturer JJT, Wholesale Home Decoration Wall Painting, Metal Wall Art &amp; Wall Mirror from Factory in China","article_publisher":"https:\/\/www.facebook.com\/JJTWallClock","article_modified_time":"2024-04-09T01:56:45+00:00","og_image":[{"width":800,"height":800,"url":"https:\/\/jjthomedeco.com\/wp-content\/uploads\/2023\/05\/clocks-for-wall-decoration-jt20181-2.webp","type":"image\/webp"}],"twitter_card":"summary_large_image","twitter_misc":{"Szacowany czas czytania":"1 minuta"},"schema":{"@context":"https:\/\/schema.org","@graph":[{"@type":"WebPage","@id":"https:\/\/jjthomedeco.com\/products\/home-decor-items-jjt-clocks-for-wall-decoration-jt20181\/","url":"https:\/\/jjthomedeco.com\/products\/home-decor-items-jjt-clocks-for-wall-decoration-jt20181\/","name":"Home Decor Items JJT Clocks for Wall Decoration JT20181 -","isPartOf":{"@id":"https:\/\/jjthomedeco.com\/#website"},"primaryImageOfPage":{"@id":"https:\/\/jjthomedeco.com\/products\/home-decor-items-jjt-clocks-for-wall-decoration-jt20181\/#primaryimage"},"image":{"@id":"https:\/\/jjthomedeco.com\/products\/home-decor-items-jjt-clocks-for-wall-decoration-jt20181\/#primaryimage"},"thumbnailUrl":"https:\/\/jjthomedeco.com\/wp-content\/uploads\/2023\/05\/clocks-for-wall-decoration-jt20181-2.webp","datePublished":"2023-05-08T05:58:53+00:00","dateModified":"2024-04-09T01:56:45+00:00","description":"Home Decor Items - Clock for Wall Decoration","breadcrumb":{"@id":"https:\/\/jjthomedeco.com\/products\/home-decor-items-jjt-clocks-for-wall-decoration-jt20181\/#breadcrumb"},"inLanguage":"pl-PL","potentialAction":[{"@type":"ReadAction","target":["https:\/\/jjthomedeco.com\/products\/home-decor-items-jjt-clocks-for-wall-decoration-jt20181\/"]}]},{"@type":"ImageObject","inLanguage":"pl-PL","@id":"https:\/\/jjthomedeco.com\/products\/home-decor-items-jjt-clocks-for-wall-decoration-jt20181\/#primaryimage","url":"https:\/\/jjthomedeco.com\/wp-content\/uploads\/2023\/05\/clocks-for-wall-decoration-jt20181-2.webp","contentUrl":"https:\/\/jjthomedeco.com\/wp-content\/uploads\/2023\/05\/clocks-for-wall-decoration-jt20181-2.webp","width":800,"height":800},{"@type":"BreadcrumbList","@id":"https:\/\/jjthomedeco.com\/products\/home-decor-items-jjt-clocks-for-wall-decoration-jt20181\/#breadcrumb","itemListElement":[{"@type":"ListItem","position":1,"name":"Home","item":"https:\/\/jjthomedeco.com\/"},{"@type":"ListItem","position":2,"name":"PRODUCTS","item":"https:\/\/jjthomedeco.com\/products\/"},{"@type":"ListItem","position":3,"name":"JT2145"}]},{"@type":"WebSite","@id":"https:\/\/jjthomedeco.com\/#website","url":"https:\/\/jjthomedeco.com\/","name":"Top Luxury Modern Wall Clocks Supplier &amp; Manufacturer JJT, Wholesale Home Decoration Wall Painting, Metal Wall Art &amp; Wall Mirror from Factory in China","description":"JJT Wall Clock - Zhejiang JJT Art Craft Co., LTD.","publisher":{"@id":"https:\/\/jjthomedeco.com\/#organization"},"potentialAction":[{"@type":"SearchAction","target":{"@type":"EntryPoint","urlTemplate":"https:\/\/jjthomedeco.com\/?s={search_term_string}"},"query-input":"required name=search_term_string"}],"inLanguage":"pl-PL"},{"@type":"Organization","@id":"https:\/\/jjthomedeco.com\/#organization","name":"Zhejiang JJT Art Craft Co., LTD.","url":"https:\/\/jjthomedeco.com\/","logo":{"@type":"ImageObject","inLanguage":"pl-PL","@id":"https:\/\/jjthomedeco.com\/#\/schema\/logo\/image\/","url":"https:\/\/jjthomedeco.com\/wp-content\/uploads\/2023\/04\/JJT-Wall-Clock-for-Interior-Home-Decoration.png","contentUrl":"https:\/\/jjthomedeco.com\/wp-content\/uploads\/2023\/04\/JJT-Wall-Clock-for-Interior-Home-Decoration.png","width":241,"height":241,"caption":"Zhejiang JJT Art Craft Co., LTD."},"image":{"@id":"https:\/\/jjthomedeco.com\/#\/schema\/logo\/image\/"},"sameAs":["https:\/\/www.facebook.com\/JJTWallClock"]}]}},"_links":{"self":[{"href":"https:\/\/jjthomedeco.com\/pl\/wp-json\/wp\/v2\/product\/2296"}],"collection":[{"href":"https:\/\/jjthomedeco.com\/pl\/wp-json\/wp\/v2\/product"}],"about":[{"href":"https:\/\/jjthomedeco.com\/pl\/wp-json\/wp\/v2\/types\/product"}],"replies":[{"embeddable":true,"href":"https:\/\/jjthomedeco.com\/pl\/wp-json\/wp\/v2\/comments?post=2296"}],"version-history":[{"count":2,"href":"https:\/\/jjthomedeco.com\/pl\/wp-json\/wp\/v2\/product\/2296\/revisions"}],"predecessor-version":[{"id":2307,"href":"https:\/\/jjthomedeco.com\/pl\/wp-json\/wp\/v2\/product\/2296\/revisions\/2307"}],"wp:featuredmedia":[{"embeddable":true,"href":"https:\/\/jjthomedeco.com\/pl\/wp-json\/wp\/v2\/media\/2483"}],"wp:attachment":[{"href":"https:\/\/jjthomedeco.com\/pl\/wp-json\/wp\/v2\/media?parent=2296"}],"wp:term":[{"taxonomy":"product_cat","embeddable":true,"href":"https:\/\/jjthomedeco.com\/pl\/wp-json\/wp\/v2\/product_cat?post=2296"},{"taxonomy":"product_tag","embeddable":true,"href":"https:\/\/jjthomedeco.com\/pl\/wp-json\/wp\/v2\/product_tag?post=2296"}],"curies":[{"name":"wp","href":"https:\/\/api.w.org\/{rel}","templated":true}]}}