{"id":3861,"date":"2023-05-17T14:56:47","date_gmt":"2023-05-17T06:56:47","guid":{"rendered":"https:\/\/jjthomedeco.com\/?post_type=product&#038;p=3861"},"modified":"2023-05-17T15:00:43","modified_gmt":"2023-05-17T07:00:43","slug":"white-wall-art-jjt-decorative-clock-for-office-decor-jt22110","status":"publish","type":"product","link":"https:\/\/jjthomedeco.com\/pl\/products\/bialy-zegar-scienny-jjt-dekoracyjny-zegar-do-wystroju-biura-jt22110\/","title":{"rendered":"Bia\u0142y zegar \u015bcienny JJT do dekoracji biura JT22110"},"content":{"rendered":"<p>Bia\u0142y zegar \u015bcienny JJT do dekoracji biura JT22110<\/p>\n<p>Model No: JT22110<\/p>\n<p>Product Size (cm): 45*50<\/p>\n<p>Materia\u0142: MDF<\/p>\n<p>Kolor: jak na zdj\u0119ciu<\/p>\n<p>MOQ: 10szt<\/p>","protected":false},"excerpt":{"rendered":"<p>Model No: JT22110<\/p>\n<p>Product Size (cm): 45*50<\/p>\n<p>Materia\u0142: MDF<\/p>\n<p>Kolor: jak na zdj\u0119ciu<\/p>\n<p>MOQ: 10szt<\/p>","protected":false},"featured_media":3862,"comment_status":"open","ping_status":"closed","template":"","meta":[],"product_cat":[52,50],"product_tag":[72,80,56,65],"yoast_head":"<!-- This site is optimized with the Yoast SEO Premium plugin v20.5 (Yoast SEO v23.0) - https:\/\/yoast.com\/wordpress\/plugins\/seo\/ -->\n<title>White Wall Art JJT Decorative Clock for Office Decor JT22110<\/title>\n<meta name=\"description\" content=\"White Wall Art JJT Decorative Clock for Office Decor JT22110 - Luxury Wall Clock Factory in China for Home Decoration\" \/>\n<meta name=\"robots\" content=\"index, follow, max-snippet:-1, max-image-preview:large, max-video-preview:-1\" \/>\n<link rel=\"canonical\" href=\"https:\/\/jjthomedeco.com\/pl\/products\/bialy-zegar-scienny-jjt-dekoracyjny-zegar-do-wystroju-biura-jt22110\/\" \/>\n<meta property=\"og:locale\" content=\"pl_PL\" \/>\n<meta property=\"og:type\" content=\"article\" \/>\n<meta property=\"og:title\" content=\"White Wall Art JJT Decorative Clock for Office Decor JT22110\" \/>\n<meta property=\"og:description\" content=\"White Wall Art JJT Decorative Clock for Office Decor JT22110 - Luxury Wall Clock Factory in China for Home Decoration\" \/>\n<meta property=\"og:url\" content=\"https:\/\/jjthomedeco.com\/pl\/products\/bialy-zegar-scienny-jjt-dekoracyjny-zegar-do-wystroju-biura-jt22110\/\" \/>\n<meta property=\"og:site_name\" content=\"Top Luxury Modern Wall Clocks Supplier &amp; Manufacturer JJT, Wholesale Home Decoration Wall Painting, Metal Wall Art &amp; Wall Mirror from Factory in China\" \/>\n<meta property=\"article:publisher\" content=\"https:\/\/www.facebook.com\/JJTWallClock\" \/>\n<meta property=\"article:modified_time\" content=\"2023-05-17T07:00:43+00:00\" \/>\n<meta property=\"og:image\" content=\"https:\/\/jjthomedeco.com\/wp-content\/uploads\/2023\/05\/White-Wall-Art-JJT-Decorative-Clock-for-Office-Decor-JT22110-1.webp\" \/>\n\t<meta property=\"og:image:width\" content=\"800\" \/>\n\t<meta property=\"og:image:height\" content=\"800\" \/>\n\t<meta property=\"og:image:type\" content=\"image\/webp\" \/>\n<meta name=\"twitter:card\" content=\"summary_large_image\" \/>\n<meta name=\"twitter:label1\" content=\"Szacowany czas czytania\" \/>\n\t<meta name=\"twitter:data1\" content=\"1 minuta\" \/>\n<script type=\"application\/ld+json\" class=\"yoast-schema-graph\">{\"@context\":\"https:\/\/schema.org\",\"@graph\":[{\"@type\":\"WebPage\",\"@id\":\"https:\/\/jjthomedeco.com\/products\/white-wall-art-jjt-decorative-clock-for-office-decor-jt22110\/\",\"url\":\"https:\/\/jjthomedeco.com\/products\/white-wall-art-jjt-decorative-clock-for-office-decor-jt22110\/\",\"name\":\"White Wall Art JJT Decorative Clock for Office Decor JT22110\",\"isPartOf\":{\"@id\":\"https:\/\/jjthomedeco.com\/#website\"},\"primaryImageOfPage\":{\"@id\":\"https:\/\/jjthomedeco.com\/products\/white-wall-art-jjt-decorative-clock-for-office-decor-jt22110\/#primaryimage\"},\"image\":{\"@id\":\"https:\/\/jjthomedeco.com\/products\/white-wall-art-jjt-decorative-clock-for-office-decor-jt22110\/#primaryimage\"},\"thumbnailUrl\":\"https:\/\/jjthomedeco.com\/wp-content\/uploads\/2023\/05\/White-Wall-Art-JJT-Decorative-Clock-for-Office-Decor-JT22110-1.webp\",\"datePublished\":\"2023-05-17T06:56:47+00:00\",\"dateModified\":\"2023-05-17T07:00:43+00:00\",\"description\":\"White Wall Art JJT Decorative Clock for Office Decor JT22110 - Luxury Wall Clock Factory in China for Home Decoration\",\"breadcrumb\":{\"@id\":\"https:\/\/jjthomedeco.com\/products\/white-wall-art-jjt-decorative-clock-for-office-decor-jt22110\/#breadcrumb\"},\"inLanguage\":\"pl-PL\",\"potentialAction\":[{\"@type\":\"ReadAction\",\"target\":[\"https:\/\/jjthomedeco.com\/products\/white-wall-art-jjt-decorative-clock-for-office-decor-jt22110\/\"]}]},{\"@type\":\"ImageObject\",\"inLanguage\":\"pl-PL\",\"@id\":\"https:\/\/jjthomedeco.com\/products\/white-wall-art-jjt-decorative-clock-for-office-decor-jt22110\/#primaryimage\",\"url\":\"https:\/\/jjthomedeco.com\/wp-content\/uploads\/2023\/05\/White-Wall-Art-JJT-Decorative-Clock-for-Office-Decor-JT22110-1.webp\",\"contentUrl\":\"https:\/\/jjthomedeco.com\/wp-content\/uploads\/2023\/05\/White-Wall-Art-JJT-Decorative-Clock-for-Office-Decor-JT22110-1.webp\",\"width\":800,\"height\":800,\"caption\":\"White Wall Art JJT Decorative Clock for Office Decor JT22110\"},{\"@type\":\"BreadcrumbList\",\"@id\":\"https:\/\/jjthomedeco.com\/products\/white-wall-art-jjt-decorative-clock-for-office-decor-jt22110\/#breadcrumb\",\"itemListElement\":[{\"@type\":\"ListItem\",\"position\":1,\"name\":\"Home\",\"item\":\"https:\/\/jjthomedeco.com\/\"},{\"@type\":\"ListItem\",\"position\":2,\"name\":\"PRODUCTS\",\"item\":\"https:\/\/jjthomedeco.com\/products\/\"},{\"@type\":\"ListItem\",\"position\":3,\"name\":\"White Wall Art JJT Decorative Clock for Office Decor JT22110\"}]},{\"@type\":\"WebSite\",\"@id\":\"https:\/\/jjthomedeco.com\/#website\",\"url\":\"https:\/\/jjthomedeco.com\/\",\"name\":\"Top Luxury Modern Wall Clocks Supplier &amp; Manufacturer JJT, Wholesale Home Decoration Wall Painting, Metal Wall Art &amp; Wall Mirror from Factory in China\",\"description\":\"JJT Wall Clock - Zhejiang JJT Art Craft Co., LTD.\",\"publisher\":{\"@id\":\"https:\/\/jjthomedeco.com\/#organization\"},\"potentialAction\":[{\"@type\":\"SearchAction\",\"target\":{\"@type\":\"EntryPoint\",\"urlTemplate\":\"https:\/\/jjthomedeco.com\/?s={search_term_string}\"},\"query-input\":\"required name=search_term_string\"}],\"inLanguage\":\"pl-PL\"},{\"@type\":\"Organization\",\"@id\":\"https:\/\/jjthomedeco.com\/#organization\",\"name\":\"Zhejiang JJT Art Craft Co., LTD.\",\"url\":\"https:\/\/jjthomedeco.com\/\",\"logo\":{\"@type\":\"ImageObject\",\"inLanguage\":\"pl-PL\",\"@id\":\"https:\/\/jjthomedeco.com\/#\/schema\/logo\/image\/\",\"url\":\"https:\/\/jjthomedeco.com\/wp-content\/uploads\/2023\/04\/JJT-Wall-Clock-for-Interior-Home-Decoration.png\",\"contentUrl\":\"https:\/\/jjthomedeco.com\/wp-content\/uploads\/2023\/04\/JJT-Wall-Clock-for-Interior-Home-Decoration.png\",\"width\":241,\"height\":241,\"caption\":\"Zhejiang JJT Art Craft Co., LTD.\"},\"image\":{\"@id\":\"https:\/\/jjthomedeco.com\/#\/schema\/logo\/image\/\"},\"sameAs\":[\"https:\/\/www.facebook.com\/JJTWallClock\"]}]}<\/script>\n<!-- \/ Yoast SEO Premium plugin. -->","yoast_head_json":{"title":"White Wall Art JJT Decorative Clock for Office Decor JT22110","description":"White Wall Art JJT Decorative Clock for Office Decor JT22110 - Luxury Wall Clock Factory in China for Home Decoration","robots":{"index":"index","follow":"follow","max-snippet":"max-snippet:-1","max-image-preview":"max-image-preview:large","max-video-preview":"max-video-preview:-1"},"canonical":"https:\/\/jjthomedeco.com\/pl\/products\/bialy-zegar-scienny-jjt-dekoracyjny-zegar-do-wystroju-biura-jt22110\/","og_locale":"pl_PL","og_type":"article","og_title":"White Wall Art JJT Decorative Clock for Office Decor JT22110","og_description":"White Wall Art JJT Decorative Clock for Office Decor JT22110 - Luxury Wall Clock Factory in China for Home Decoration","og_url":"https:\/\/jjthomedeco.com\/pl\/products\/bialy-zegar-scienny-jjt-dekoracyjny-zegar-do-wystroju-biura-jt22110\/","og_site_name":"Top Luxury Modern Wall Clocks Supplier &amp; Manufacturer JJT, Wholesale Home Decoration Wall Painting, Metal Wall Art &amp; Wall Mirror from Factory in China","article_publisher":"https:\/\/www.facebook.com\/JJTWallClock","article_modified_time":"2023-05-17T07:00:43+00:00","og_image":[{"width":800,"height":800,"url":"https:\/\/jjthomedeco.com\/wp-content\/uploads\/2023\/05\/White-Wall-Art-JJT-Decorative-Clock-for-Office-Decor-JT22110-1.webp","type":"image\/webp"}],"twitter_card":"summary_large_image","twitter_misc":{"Szacowany czas czytania":"1 minuta"},"schema":{"@context":"https:\/\/schema.org","@graph":[{"@type":"WebPage","@id":"https:\/\/jjthomedeco.com\/products\/white-wall-art-jjt-decorative-clock-for-office-decor-jt22110\/","url":"https:\/\/jjthomedeco.com\/products\/white-wall-art-jjt-decorative-clock-for-office-decor-jt22110\/","name":"White Wall Art JJT Decorative Clock for Office Decor JT22110","isPartOf":{"@id":"https:\/\/jjthomedeco.com\/#website"},"primaryImageOfPage":{"@id":"https:\/\/jjthomedeco.com\/products\/white-wall-art-jjt-decorative-clock-for-office-decor-jt22110\/#primaryimage"},"image":{"@id":"https:\/\/jjthomedeco.com\/products\/white-wall-art-jjt-decorative-clock-for-office-decor-jt22110\/#primaryimage"},"thumbnailUrl":"https:\/\/jjthomedeco.com\/wp-content\/uploads\/2023\/05\/White-Wall-Art-JJT-Decorative-Clock-for-Office-Decor-JT22110-1.webp","datePublished":"2023-05-17T06:56:47+00:00","dateModified":"2023-05-17T07:00:43+00:00","description":"White Wall Art JJT Decorative Clock for Office Decor JT22110 - Luxury Wall Clock Factory in China for Home Decoration","breadcrumb":{"@id":"https:\/\/jjthomedeco.com\/products\/white-wall-art-jjt-decorative-clock-for-office-decor-jt22110\/#breadcrumb"},"inLanguage":"pl-PL","potentialAction":[{"@type":"ReadAction","target":["https:\/\/jjthomedeco.com\/products\/white-wall-art-jjt-decorative-clock-for-office-decor-jt22110\/"]}]},{"@type":"ImageObject","inLanguage":"pl-PL","@id":"https:\/\/jjthomedeco.com\/products\/white-wall-art-jjt-decorative-clock-for-office-decor-jt22110\/#primaryimage","url":"https:\/\/jjthomedeco.com\/wp-content\/uploads\/2023\/05\/White-Wall-Art-JJT-Decorative-Clock-for-Office-Decor-JT22110-1.webp","contentUrl":"https:\/\/jjthomedeco.com\/wp-content\/uploads\/2023\/05\/White-Wall-Art-JJT-Decorative-Clock-for-Office-Decor-JT22110-1.webp","width":800,"height":800,"caption":"White Wall Art JJT Decorative Clock for Office Decor JT22110"},{"@type":"BreadcrumbList","@id":"https:\/\/jjthomedeco.com\/products\/white-wall-art-jjt-decorative-clock-for-office-decor-jt22110\/#breadcrumb","itemListElement":[{"@type":"ListItem","position":1,"name":"Home","item":"https:\/\/jjthomedeco.com\/"},{"@type":"ListItem","position":2,"name":"PRODUCTS","item":"https:\/\/jjthomedeco.com\/products\/"},{"@type":"ListItem","position":3,"name":"White Wall Art JJT Decorative Clock for Office Decor JT22110"}]},{"@type":"WebSite","@id":"https:\/\/jjthomedeco.com\/#website","url":"https:\/\/jjthomedeco.com\/","name":"Top Luxury Modern Wall Clocks Supplier &amp; Manufacturer JJT, Wholesale Home Decoration Wall Painting, Metal Wall Art &amp; Wall Mirror from Factory in China","description":"JJT Wall Clock - Zhejiang JJT Art Craft Co., LTD.","publisher":{"@id":"https:\/\/jjthomedeco.com\/#organization"},"potentialAction":[{"@type":"SearchAction","target":{"@type":"EntryPoint","urlTemplate":"https:\/\/jjthomedeco.com\/?s={search_term_string}"},"query-input":"required name=search_term_string"}],"inLanguage":"pl-PL"},{"@type":"Organization","@id":"https:\/\/jjthomedeco.com\/#organization","name":"Zhejiang JJT Art Craft Co., LTD.","url":"https:\/\/jjthomedeco.com\/","logo":{"@type":"ImageObject","inLanguage":"pl-PL","@id":"https:\/\/jjthomedeco.com\/#\/schema\/logo\/image\/","url":"https:\/\/jjthomedeco.com\/wp-content\/uploads\/2023\/04\/JJT-Wall-Clock-for-Interior-Home-Decoration.png","contentUrl":"https:\/\/jjthomedeco.com\/wp-content\/uploads\/2023\/04\/JJT-Wall-Clock-for-Interior-Home-Decoration.png","width":241,"height":241,"caption":"Zhejiang JJT Art Craft Co., LTD."},"image":{"@id":"https:\/\/jjthomedeco.com\/#\/schema\/logo\/image\/"},"sameAs":["https:\/\/www.facebook.com\/JJTWallClock"]}]}},"_links":{"self":[{"href":"https:\/\/jjthomedeco.com\/pl\/wp-json\/wp\/v2\/product\/3861"}],"collection":[{"href":"https:\/\/jjthomedeco.com\/pl\/wp-json\/wp\/v2\/product"}],"about":[{"href":"https:\/\/jjthomedeco.com\/pl\/wp-json\/wp\/v2\/types\/product"}],"replies":[{"embeddable":true,"href":"https:\/\/jjthomedeco.com\/pl\/wp-json\/wp\/v2\/comments?post=3861"}],"version-history":[{"count":1,"href":"https:\/\/jjthomedeco.com\/pl\/wp-json\/wp\/v2\/product\/3861\/revisions"}],"predecessor-version":[{"id":3865,"href":"https:\/\/jjthomedeco.com\/pl\/wp-json\/wp\/v2\/product\/3861\/revisions\/3865"}],"wp:featuredmedia":[{"embeddable":true,"href":"https:\/\/jjthomedeco.com\/pl\/wp-json\/wp\/v2\/media\/3862"}],"wp:attachment":[{"href":"https:\/\/jjthomedeco.com\/pl\/wp-json\/wp\/v2\/media?parent=3861"}],"wp:term":[{"taxonomy":"product_cat","embeddable":true,"href":"https:\/\/jjthomedeco.com\/pl\/wp-json\/wp\/v2\/product_cat?post=3861"},{"taxonomy":"product_tag","embeddable":true,"href":"https:\/\/jjthomedeco.com\/pl\/wp-json\/wp\/v2\/product_tag?post=3861"}],"curies":[{"name":"wp","href":"https:\/\/api.w.org\/{rel}","templated":true}]}}