{"id":4221,"date":"2023-05-18T14:56:44","date_gmt":"2023-05-18T06:56:44","guid":{"rendered":"https:\/\/jjthomedeco.com\/?post_type=product&#038;p=4221"},"modified":"2023-05-18T14:58:48","modified_gmt":"2023-05-18T06:58:48","slug":"artwork-for-office-decoration-jjt-plants-wall-clock-jt21279","status":"publish","type":"product","link":"https:\/\/jjthomedeco.com\/pl\/products\/artwork-for-office-decoration-jjt-plants-wall-clock-jt21279\/","title":{"rendered":"Grafika do dekoracji biura Zegar \u015bcienny JJT Plants JT21279"},"content":{"rendered":"<p>Zegar \u015bcienny JJT z g\u0142ow\u0105 zwierz\u0119cia JT22280<\/p>\n<p>Model No: JT22280<\/p>\n<p>Product Size (cm): 36*52, 44*64<\/p>\n<p>Materia\u0142: \u017belazo, MDF<\/p>\n<p>Kolor: jak na zdj\u0119ciu<\/p>\n<p>MOQ: 10szt<\/p>","protected":false},"excerpt":{"rendered":"<p>Model No: JT22280<\/p>\n<p>Product Size (cm): 36*52, 44*64<\/p>\n<p>Materia\u0142: \u017belazo, MDF<\/p>\n<p>Kolor: jak na zdj\u0119ciu<\/p>\n<p>MOQ: 10szt<\/p>","protected":false},"featured_media":4224,"comment_status":"open","ping_status":"closed","template":"","meta":[],"product_cat":[53,52,50],"product_tag":[72,80,87,65],"yoast_head":"<!-- This site is optimized with the Yoast SEO Premium plugin v20.5 (Yoast SEO v23.0) - https:\/\/yoast.com\/wordpress\/plugins\/seo\/ -->\n<title>Artwork for Office Decoration JJT Plants Wall Clock JT21279 -<\/title>\n<meta name=\"description\" content=\"Artwork for Office Decoration JJT Plants Wall Clock JT21279 - Creative and Decorative Wall Clock Factory and Supplier in China\" \/>\n<meta name=\"robots\" content=\"index, follow, max-snippet:-1, max-image-preview:large, max-video-preview:-1\" \/>\n<link rel=\"canonical\" href=\"https:\/\/jjthomedeco.com\/pl\/products\/artwork-for-office-decoration-jjt-plants-wall-clock-jt21279\/\" \/>\n<meta property=\"og:locale\" content=\"pl_PL\" \/>\n<meta property=\"og:type\" content=\"article\" \/>\n<meta property=\"og:title\" content=\"Artwork for Office Decoration JJT Plants Wall Clock JT21279\" \/>\n<meta property=\"og:description\" content=\"Artwork for Office Decoration JJT Plants Wall Clock JT21279 - Creative and Decorative Wall Clock Factory and Supplier in China\" \/>\n<meta property=\"og:url\" content=\"https:\/\/jjthomedeco.com\/pl\/products\/artwork-for-office-decoration-jjt-plants-wall-clock-jt21279\/\" \/>\n<meta property=\"og:site_name\" content=\"Top Luxury Modern Wall Clocks Supplier &amp; Manufacturer JJT, Wholesale Home Decoration Wall Painting, Metal Wall Art &amp; Wall Mirror from Factory in China\" \/>\n<meta property=\"article:publisher\" content=\"https:\/\/www.facebook.com\/JJTWallClock\" \/>\n<meta property=\"article:modified_time\" content=\"2023-05-18T06:58:48+00:00\" \/>\n<meta property=\"og:image\" content=\"https:\/\/jjthomedeco.com\/wp-content\/uploads\/2023\/05\/Artwork-for-Office-Decoration-JJT-Plants-Wall-Clock-JT21279.webp\" \/>\n\t<meta property=\"og:image:width\" content=\"800\" \/>\n\t<meta property=\"og:image:height\" content=\"800\" \/>\n\t<meta property=\"og:image:type\" content=\"image\/webp\" \/>\n<meta name=\"twitter:card\" content=\"summary_large_image\" \/>\n<meta name=\"twitter:label1\" content=\"Szacowany czas czytania\" \/>\n\t<meta name=\"twitter:data1\" content=\"1 minuta\" \/>\n<script type=\"application\/ld+json\" class=\"yoast-schema-graph\">{\"@context\":\"https:\/\/schema.org\",\"@graph\":[{\"@type\":\"WebPage\",\"@id\":\"https:\/\/jjthomedeco.com\/products\/artwork-for-office-decoration-jjt-plants-wall-clock-jt21279\/\",\"url\":\"https:\/\/jjthomedeco.com\/products\/artwork-for-office-decoration-jjt-plants-wall-clock-jt21279\/\",\"name\":\"Artwork for Office Decoration JJT Plants Wall Clock JT21279 -\",\"isPartOf\":{\"@id\":\"https:\/\/jjthomedeco.com\/#website\"},\"primaryImageOfPage\":{\"@id\":\"https:\/\/jjthomedeco.com\/products\/artwork-for-office-decoration-jjt-plants-wall-clock-jt21279\/#primaryimage\"},\"image\":{\"@id\":\"https:\/\/jjthomedeco.com\/products\/artwork-for-office-decoration-jjt-plants-wall-clock-jt21279\/#primaryimage\"},\"thumbnailUrl\":\"https:\/\/jjthomedeco.com\/wp-content\/uploads\/2023\/05\/Artwork-for-Office-Decoration-JJT-Plants-Wall-Clock-JT21279.webp\",\"datePublished\":\"2023-05-18T06:56:44+00:00\",\"dateModified\":\"2023-05-18T06:58:48+00:00\",\"description\":\"Artwork for Office Decoration JJT Plants Wall Clock JT21279 - Creative and Decorative Wall Clock Factory and Supplier in China\",\"breadcrumb\":{\"@id\":\"https:\/\/jjthomedeco.com\/products\/artwork-for-office-decoration-jjt-plants-wall-clock-jt21279\/#breadcrumb\"},\"inLanguage\":\"pl-PL\",\"potentialAction\":[{\"@type\":\"ReadAction\",\"target\":[\"https:\/\/jjthomedeco.com\/products\/artwork-for-office-decoration-jjt-plants-wall-clock-jt21279\/\"]}]},{\"@type\":\"ImageObject\",\"inLanguage\":\"pl-PL\",\"@id\":\"https:\/\/jjthomedeco.com\/products\/artwork-for-office-decoration-jjt-plants-wall-clock-jt21279\/#primaryimage\",\"url\":\"https:\/\/jjthomedeco.com\/wp-content\/uploads\/2023\/05\/Artwork-for-Office-Decoration-JJT-Plants-Wall-Clock-JT21279.webp\",\"contentUrl\":\"https:\/\/jjthomedeco.com\/wp-content\/uploads\/2023\/05\/Artwork-for-Office-Decoration-JJT-Plants-Wall-Clock-JT21279.webp\",\"width\":800,\"height\":800,\"caption\":\"Artwork for Office Decoration JJT Plants Wall Clock JT21279\"},{\"@type\":\"BreadcrumbList\",\"@id\":\"https:\/\/jjthomedeco.com\/products\/artwork-for-office-decoration-jjt-plants-wall-clock-jt21279\/#breadcrumb\",\"itemListElement\":[{\"@type\":\"ListItem\",\"position\":1,\"name\":\"Home\",\"item\":\"https:\/\/jjthomedeco.com\/\"},{\"@type\":\"ListItem\",\"position\":2,\"name\":\"PRODUCTS\",\"item\":\"https:\/\/jjthomedeco.com\/products\/\"},{\"@type\":\"ListItem\",\"position\":3,\"name\":\"Artwork for Office Decoration JJT Plants Wall Clock JT21279\"}]},{\"@type\":\"WebSite\",\"@id\":\"https:\/\/jjthomedeco.com\/#website\",\"url\":\"https:\/\/jjthomedeco.com\/\",\"name\":\"Top Luxury Modern Wall Clocks Supplier &amp; Manufacturer JJT, Wholesale Home Decoration Wall Painting, Metal Wall Art &amp; Wall Mirror from Factory in China\",\"description\":\"JJT Wall Clock - Zhejiang JJT Art Craft Co., LTD.\",\"publisher\":{\"@id\":\"https:\/\/jjthomedeco.com\/#organization\"},\"potentialAction\":[{\"@type\":\"SearchAction\",\"target\":{\"@type\":\"EntryPoint\",\"urlTemplate\":\"https:\/\/jjthomedeco.com\/?s={search_term_string}\"},\"query-input\":\"required name=search_term_string\"}],\"inLanguage\":\"pl-PL\"},{\"@type\":\"Organization\",\"@id\":\"https:\/\/jjthomedeco.com\/#organization\",\"name\":\"Zhejiang JJT Art Craft Co., LTD.\",\"url\":\"https:\/\/jjthomedeco.com\/\",\"logo\":{\"@type\":\"ImageObject\",\"inLanguage\":\"pl-PL\",\"@id\":\"https:\/\/jjthomedeco.com\/#\/schema\/logo\/image\/\",\"url\":\"https:\/\/jjthomedeco.com\/wp-content\/uploads\/2023\/04\/JJT-Wall-Clock-for-Interior-Home-Decoration.png\",\"contentUrl\":\"https:\/\/jjthomedeco.com\/wp-content\/uploads\/2023\/04\/JJT-Wall-Clock-for-Interior-Home-Decoration.png\",\"width\":241,\"height\":241,\"caption\":\"Zhejiang JJT Art Craft Co., LTD.\"},\"image\":{\"@id\":\"https:\/\/jjthomedeco.com\/#\/schema\/logo\/image\/\"},\"sameAs\":[\"https:\/\/www.facebook.com\/JJTWallClock\"]}]}<\/script>\n<!-- \/ Yoast SEO Premium plugin. -->","yoast_head_json":{"title":"Artwork for Office Decoration JJT Plants Wall Clock JT21279 -","description":"Artwork for Office Decoration JJT Plants Wall Clock JT21279 - Creative and Decorative Wall Clock Factory and Supplier in China","robots":{"index":"index","follow":"follow","max-snippet":"max-snippet:-1","max-image-preview":"max-image-preview:large","max-video-preview":"max-video-preview:-1"},"canonical":"https:\/\/jjthomedeco.com\/pl\/products\/artwork-for-office-decoration-jjt-plants-wall-clock-jt21279\/","og_locale":"pl_PL","og_type":"article","og_title":"Artwork for Office Decoration JJT Plants Wall Clock JT21279","og_description":"Artwork for Office Decoration JJT Plants Wall Clock JT21279 - Creative and Decorative Wall Clock Factory and Supplier in China","og_url":"https:\/\/jjthomedeco.com\/pl\/products\/artwork-for-office-decoration-jjt-plants-wall-clock-jt21279\/","og_site_name":"Top Luxury Modern Wall Clocks Supplier &amp; Manufacturer JJT, Wholesale Home Decoration Wall Painting, Metal Wall Art &amp; Wall Mirror from Factory in China","article_publisher":"https:\/\/www.facebook.com\/JJTWallClock","article_modified_time":"2023-05-18T06:58:48+00:00","og_image":[{"width":800,"height":800,"url":"https:\/\/jjthomedeco.com\/wp-content\/uploads\/2023\/05\/Artwork-for-Office-Decoration-JJT-Plants-Wall-Clock-JT21279.webp","type":"image\/webp"}],"twitter_card":"summary_large_image","twitter_misc":{"Szacowany czas czytania":"1 minuta"},"schema":{"@context":"https:\/\/schema.org","@graph":[{"@type":"WebPage","@id":"https:\/\/jjthomedeco.com\/products\/artwork-for-office-decoration-jjt-plants-wall-clock-jt21279\/","url":"https:\/\/jjthomedeco.com\/products\/artwork-for-office-decoration-jjt-plants-wall-clock-jt21279\/","name":"Artwork for Office Decoration JJT Plants Wall Clock JT21279 -","isPartOf":{"@id":"https:\/\/jjthomedeco.com\/#website"},"primaryImageOfPage":{"@id":"https:\/\/jjthomedeco.com\/products\/artwork-for-office-decoration-jjt-plants-wall-clock-jt21279\/#primaryimage"},"image":{"@id":"https:\/\/jjthomedeco.com\/products\/artwork-for-office-decoration-jjt-plants-wall-clock-jt21279\/#primaryimage"},"thumbnailUrl":"https:\/\/jjthomedeco.com\/wp-content\/uploads\/2023\/05\/Artwork-for-Office-Decoration-JJT-Plants-Wall-Clock-JT21279.webp","datePublished":"2023-05-18T06:56:44+00:00","dateModified":"2023-05-18T06:58:48+00:00","description":"Artwork for Office Decoration JJT Plants Wall Clock JT21279 - Creative and Decorative Wall Clock Factory and Supplier in China","breadcrumb":{"@id":"https:\/\/jjthomedeco.com\/products\/artwork-for-office-decoration-jjt-plants-wall-clock-jt21279\/#breadcrumb"},"inLanguage":"pl-PL","potentialAction":[{"@type":"ReadAction","target":["https:\/\/jjthomedeco.com\/products\/artwork-for-office-decoration-jjt-plants-wall-clock-jt21279\/"]}]},{"@type":"ImageObject","inLanguage":"pl-PL","@id":"https:\/\/jjthomedeco.com\/products\/artwork-for-office-decoration-jjt-plants-wall-clock-jt21279\/#primaryimage","url":"https:\/\/jjthomedeco.com\/wp-content\/uploads\/2023\/05\/Artwork-for-Office-Decoration-JJT-Plants-Wall-Clock-JT21279.webp","contentUrl":"https:\/\/jjthomedeco.com\/wp-content\/uploads\/2023\/05\/Artwork-for-Office-Decoration-JJT-Plants-Wall-Clock-JT21279.webp","width":800,"height":800,"caption":"Artwork for Office Decoration JJT Plants Wall Clock JT21279"},{"@type":"BreadcrumbList","@id":"https:\/\/jjthomedeco.com\/products\/artwork-for-office-decoration-jjt-plants-wall-clock-jt21279\/#breadcrumb","itemListElement":[{"@type":"ListItem","position":1,"name":"Home","item":"https:\/\/jjthomedeco.com\/"},{"@type":"ListItem","position":2,"name":"PRODUCTS","item":"https:\/\/jjthomedeco.com\/products\/"},{"@type":"ListItem","position":3,"name":"Artwork for Office Decoration JJT Plants Wall Clock JT21279"}]},{"@type":"WebSite","@id":"https:\/\/jjthomedeco.com\/#website","url":"https:\/\/jjthomedeco.com\/","name":"Top Luxury Modern Wall Clocks Supplier &amp; Manufacturer JJT, Wholesale Home Decoration Wall Painting, Metal Wall Art &amp; Wall Mirror from Factory in China","description":"JJT Wall Clock - Zhejiang JJT Art Craft Co., LTD.","publisher":{"@id":"https:\/\/jjthomedeco.com\/#organization"},"potentialAction":[{"@type":"SearchAction","target":{"@type":"EntryPoint","urlTemplate":"https:\/\/jjthomedeco.com\/?s={search_term_string}"},"query-input":"required name=search_term_string"}],"inLanguage":"pl-PL"},{"@type":"Organization","@id":"https:\/\/jjthomedeco.com\/#organization","name":"Zhejiang JJT Art Craft Co., LTD.","url":"https:\/\/jjthomedeco.com\/","logo":{"@type":"ImageObject","inLanguage":"pl-PL","@id":"https:\/\/jjthomedeco.com\/#\/schema\/logo\/image\/","url":"https:\/\/jjthomedeco.com\/wp-content\/uploads\/2023\/04\/JJT-Wall-Clock-for-Interior-Home-Decoration.png","contentUrl":"https:\/\/jjthomedeco.com\/wp-content\/uploads\/2023\/04\/JJT-Wall-Clock-for-Interior-Home-Decoration.png","width":241,"height":241,"caption":"Zhejiang JJT Art Craft Co., LTD."},"image":{"@id":"https:\/\/jjthomedeco.com\/#\/schema\/logo\/image\/"},"sameAs":["https:\/\/www.facebook.com\/JJTWallClock"]}]}},"_links":{"self":[{"href":"https:\/\/jjthomedeco.com\/pl\/wp-json\/wp\/v2\/product\/4221"}],"collection":[{"href":"https:\/\/jjthomedeco.com\/pl\/wp-json\/wp\/v2\/product"}],"about":[{"href":"https:\/\/jjthomedeco.com\/pl\/wp-json\/wp\/v2\/types\/product"}],"replies":[{"embeddable":true,"href":"https:\/\/jjthomedeco.com\/pl\/wp-json\/wp\/v2\/comments?post=4221"}],"version-history":[{"count":1,"href":"https:\/\/jjthomedeco.com\/pl\/wp-json\/wp\/v2\/product\/4221\/revisions"}],"predecessor-version":[{"id":4225,"href":"https:\/\/jjthomedeco.com\/pl\/wp-json\/wp\/v2\/product\/4221\/revisions\/4225"}],"wp:featuredmedia":[{"embeddable":true,"href":"https:\/\/jjthomedeco.com\/pl\/wp-json\/wp\/v2\/media\/4224"}],"wp:attachment":[{"href":"https:\/\/jjthomedeco.com\/pl\/wp-json\/wp\/v2\/media?parent=4221"}],"wp:term":[{"taxonomy":"product_cat","embeddable":true,"href":"https:\/\/jjthomedeco.com\/pl\/wp-json\/wp\/v2\/product_cat?post=4221"},{"taxonomy":"product_tag","embeddable":true,"href":"https:\/\/jjthomedeco.com\/pl\/wp-json\/wp\/v2\/product_tag?post=4221"}],"curies":[{"name":"wp","href":"https:\/\/api.w.org\/{rel}","templated":true}]}}