{"id":19044,"date":"2023-09-28T09:02:02","date_gmt":"2023-09-28T01:02:02","guid":{"rendered":"https:\/\/jjthomedeco.com\/?page_id=19044"},"modified":"2023-09-28T11:17:21","modified_gmt":"2023-09-28T03:17:21","slug":"floating-shelves","status":"publish","type":"page","link":"https:\/\/jjthomedeco.com\/vn\/floating-shelves\/","title":{"rendered":"k\u1ec7 n\u1ed5i"},"content":{"rendered":"<div data-elementor-type=\"wp-page\" data-elementor-id=\"19044\" class=\"elementor elementor-19044\" data-elementor-post-type=\"page\">\n\t\t\t\t\t\t<section class=\"elementor-section elementor-top-section elementor-element elementor-element-78c2abb elementor-section-boxed elementor-section-height-default elementor-section-height-default\" data-id=\"78c2abb\" data-element_type=\"section\" data-settings=\"{&quot;background_background&quot;:&quot;classic&quot;}\">\n\t\t\t\t\t\t<div class=\"elementor-container elementor-column-gap-default\">\n\t\t\t\t\t<div class=\"elementor-column elementor-col-100 elementor-top-column elementor-element elementor-element-01a166a\" data-id=\"01a166a\" data-element_type=\"column\">\n\t\t\t<div class=\"elementor-widget-wrap elementor-element-populated\">\n\t\t\t\t\t\t<div class=\"elementor-element elementor-element-68caf22 elementor-widget elementor-widget-heading\" data-id=\"68caf22\" data-element_type=\"widget\" data-widget_type=\"heading.default\">\n\t\t\t\t<div class=\"elementor-widget-container\">\n\t\t\t<style>\/*! elementor - v3.22.0 - 26-06-2024 *\/\n.elementor-heading-title{padding:0;margin:0;line-height:1}.elementor-widget-heading .elementor-heading-title[class*=elementor-size-]>a{color:inherit;font-size:inherit;line-height:inherit}.elementor-widget-heading .elementor-heading-title.elementor-size-small{font-size:15px}.elementor-widget-heading .elementor-heading-title.elementor-size-medium{font-size:19px}.elementor-widget-heading .elementor-heading-title.elementor-size-large{font-size:29px}.elementor-widget-heading .elementor-heading-title.elementor-size-xl{font-size:39px}.elementor-widget-heading .elementor-heading-title.elementor-size-xxl{font-size:59px}<\/style><h1 class=\"elementor-heading-title elementor-size-default\">s\u1ea3n ph\u1ea9m<\/h1>\t\t<\/div>\n\t\t\t\t<\/div>\n\t\t\t\t<div class=\"elementor-element elementor-element-d99c9b6 elementor-widget elementor-widget-woocommerce-breadcrumb\" data-id=\"d99c9b6\" data-element_type=\"widget\" data-widget_type=\"woocommerce-breadcrumb.default\">\n\t\t\t\t<div class=\"elementor-widget-container\">\n\t\t\t<link rel=\"stylesheet\" href=\"https:\/\/jjthomedeco.com\/wp-content\/plugins\/elementor-pro\/assets\/css\/widget-woocommerce.min.css\"><nav class=\"woocommerce-breadcrumb\" aria-label=\"Breadcrumb\" data-no-translation=\"\" data-trp-gettext=\"\">Trang ch\u00ednh<\/nav>\t\t<\/div>\n\t\t\t\t<\/div>\n\t\t\t\t\t<\/div>\n\t\t<\/div>\n\t\t\t\t\t<\/div>\n\t\t<\/section>\n\t\t\t\t<section class=\"elementor-section elementor-top-section elementor-element elementor-element-c55a86d elementor-section-boxed elementor-section-height-default elementor-section-height-default\" data-id=\"c55a86d\" data-element_type=\"section\">\n\t\t\t\t\t\t<div class=\"elementor-container elementor-column-gap-wide\">\n\t\t\t\t\t<div class=\"elementor-column elementor-col-33 elementor-top-column elementor-element elementor-element-b845521\" data-id=\"b845521\" data-element_type=\"column\">\n\t\t\t<div class=\"elementor-widget-wrap elementor-element-populated\">\n\t\t\t\t\t\t<div class=\"elementor-element elementor-element-ba7e1f8 elementor-search-form--skin-minimal elementor-widget__width-initial elementor-widget elementor-widget-search-form\" data-id=\"ba7e1f8\" data-element_type=\"widget\" data-settings=\"{&quot;skin&quot;:&quot;minimal&quot;}\" data-widget_type=\"search-form.default\">\n\t\t\t\t<div class=\"elementor-widget-container\">\n\t\t\t<link rel=\"stylesheet\" href=\"https:\/\/jjthomedeco.com\/wp-content\/plugins\/elementor-pro\/assets\/css\/widget-theme-elements.min.css\">\t\t<search role=\"search\">\n\t\t\t<form class=\"elementor-search-form\" action=\"https:\/\/jjthomedeco.com\/vn\" method=\"get\" data-trp-original-action=\"https:\/\/jjthomedeco.com\/vn\">\n\t\t\t\t\t\t\t\t\t\t\t\t<div class=\"elementor-search-form__container\">\n\t\t\t\t\t<label class=\"elementor-screen-only\" for=\"elementor-search-form-ba7e1f8\">Search<\/label>\n\n\t\t\t\t\t\t\t\t\t\t\t<div class=\"elementor-search-form__icon\">\n\t\t\t\t\t\t\t<i aria-hidden=\"true\" class=\"fas fa-search\"><\/i>\t\t\t\t\t\t\t<span class=\"elementor-screen-only\">Search<\/span>\n\t\t\t\t\t\t<\/div>\n\t\t\t\t\t\n\t\t\t\t\t<input id=\"elementor-search-form-ba7e1f8\" placeholder=\"Search...\" class=\"elementor-search-form__input\" type=\"search\" name=\"s\" value=\"\">\n\t\t\t\t\t\n\t\t\t\t\t\n\t\t\t\t\t\t\t\t\t<\/div>\n\t\t\t<input type=\"hidden\" name=\"trp-form-language\" value=\"vn\"\/><\/form>\n\t\t<\/search>\n\t\t\t\t<\/div>\n\t\t\t\t<\/div>\n\t\t\t\t<div class=\"elementor-element elementor-element-4948f09 elementor-widget elementor-widget-heading\" data-id=\"4948f09\" data-element_type=\"widget\" data-widget_type=\"heading.default\">\n\t\t\t\t<div class=\"elementor-widget-container\">\n\t\t\t<h4 class=\"elementor-heading-title elementor-size-default\">Lo\u1ea1i<\/h4>\t\t<\/div>\n\t\t\t\t<\/div>\n\t\t\t\t<div class=\"elementor-element elementor-element-7c72651 uael-nav-menu__align-left uael-submenu-icon-arrow uael-link-redirect-child uael-nav-menu__breakpoint-tablet uael-nav-menu-toggle-label-no elementor-widget elementor-widget-uael-nav-menu\" data-id=\"7c72651\" data-element_type=\"widget\" data-widget_type=\"uael-nav-menu.default\">\n\t\t\t\t<div class=\"elementor-widget-container\">\n\t\t\t\t\t<div class=\"uael-nav-menu uael-layout-vertical uael-nav-menu-layout\" data-layout=\"vertical\">\r\n\t\t\t\t<div role=\"button\" class=\"uael-nav-menu__toggle elementor-clickable\">\r\n\t\t\t\t\t<span class=\"screen-reader-text\">Main Menu<\/span>\r\n\t\t\t\t\t<div class=\"uael-nav-menu-icon\">\r\n\t\t\t\t\t\t<i aria-hidden=\"true\" tabindex=\"0\" class=\"fas fa-align-justify\"><\/i>\t\t\t\t\t<\/div>\r\n\t\t\t\t\t\t\t\t\t<\/div>\r\n\t\t\t\t\t\t\t<nav class=\"uael-nav-menu__layout-vertical uael-nav-menu__submenu-arrow\" data-toggle-icon=\"&lt;i aria-hidden=&quot;true&quot; tabindex=&quot;0&quot; class=&quot;fas fa-align-justify&quot;&gt;&lt;\/i&gt;\" data-close-icon=\"&lt;i aria-hidden=&quot;true&quot; tabindex=&quot;0&quot; class=&quot;far fa-window-close&quot;&gt;&lt;\/i&gt;\" data-full-width=\"yes\"><ul id=\"menu-1-7c72651\" class=\"uael-nav-menu\"><li id=\"menu-item-19065\" class=\"menu-item menu-item-type-post_type menu-item-object-page menu-item-has-children parent uael-has-submenu uael-creative-menu\"><div class=\"uael-has-submenu-container\"><a href=\"https:\/\/jjthomedeco.com\/vn\/wall-clocks\/\" class = \"uael-menu-item\">\u0110\u1ed3ng h\u1ed3 treo t\u01b0\u1eddng<span class='uael-menu-toggle sub-arrow uael-menu-child-0'><i class='fa'><\/i><\/span><\/a><\/div>\n<ul class=\"sub-menu\">\n\t<li id=\"menu-item-19086\" class=\"menu-item menu-item-type-post_type menu-item-object-page uael-creative-menu\"><a href=\"https:\/\/jjthomedeco.com\/vn\/wall-clocks\/hot-selling-wall-clocks\/\" class = \"uael-sub-menu-item\">Hot Selling Wall Clocks<\/a><\/li>\n\t<li id=\"menu-item-19089\" class=\"menu-item menu-item-type-post_type menu-item-object-page uael-creative-menu\"><a href=\"https:\/\/jjthomedeco.com\/vn\/wall-clocks\/modern-wall-clocks\/\" class = \"uael-sub-menu-item\">\u0110\u1ed3ng h\u1ed3 treo t\u01b0\u1eddng hi\u1ec7n \u0111\u1ea1i<\/a><\/li>\n\t<li id=\"menu-item-19088\" class=\"menu-item menu-item-type-post_type menu-item-object-page uael-creative-menu\"><a href=\"https:\/\/jjthomedeco.com\/vn\/wall-clocks\/luxury-wall-clocks\/\" class = \"uael-sub-menu-item\">\u0110\u1ed3ng h\u1ed3 treo t\u01b0\u1eddng sang tr\u1ecdng<\/a><\/li>\n\t<li id=\"menu-item-19087\" class=\"menu-item menu-item-type-post_type menu-item-object-page uael-creative-menu\"><a href=\"https:\/\/jjthomedeco.com\/vn\/wall-clocks\/peacock-wall-clocks\/\" class = \"uael-sub-menu-item\">\u0110\u1ed3ng h\u1ed3 treo t\u01b0\u1eddng Peacock<\/a><\/li>\n<\/ul>\n<\/li>\n<li id=\"menu-item-19060\" class=\"menu-item menu-item-type-post_type menu-item-object-page parent uael-creative-menu\"><a href=\"https:\/\/jjthomedeco.com\/vn\/flower-vases\/\" class = \"uael-menu-item\">b\u00ecnh hoa trang tr\u00ed<\/a><\/li>\n<li id=\"menu-item-19062\" class=\"menu-item menu-item-type-post_type menu-item-object-page parent uael-creative-menu\"><a href=\"https:\/\/jjthomedeco.com\/vn\/candle-holders\/\" class = \"uael-menu-item\">Gi\u00e1 \u0111\u1ee1 n\u1ebfn<\/a><\/li>\n<li id=\"menu-item-19059\" class=\"menu-item menu-item-type-post_type menu-item-object-page parent uael-creative-menu\"><a href=\"https:\/\/jjthomedeco.com\/vn\/mirrors\/\" class = \"uael-menu-item\">G\u01b0\u01a1ng treo t\u01b0\u1eddng<\/a><\/li>\n<li class=\"menu-item\"><a href=\"https:\/\/jjthomedeco.com\/vn\/add-to-quote-product-list\/\">Danh s\u00e1ch b\u00e1o gi\u00e1<\/a><\/li><\/ul><\/nav>\r\n\t\t\t\t\t<\/div>\r\n\t\t\t\t\t<\/div>\n\t\t\t\t<\/div>\n\t\t\t\t<div class=\"elementor-element elementor-element-7fe00e9 elementor-widget elementor-widget-heading\" data-id=\"7fe00e9\" data-element_type=\"widget\" data-widget_type=\"heading.default\">\n\t\t\t\t<div class=\"elementor-widget-container\">\n\t\t\t<h4 class=\"elementor-heading-title elementor-size-default\">Newsletter<\/h4>\t\t<\/div>\n\t\t\t\t<\/div>\n\t\t\t\t<div class=\"elementor-element elementor-element-72128ee elementor-button-align-stretch elementor-widget elementor-widget-form\" data-id=\"72128ee\" data-element_type=\"widget\" data-settings=\"{&quot;button_width&quot;:&quot;25&quot;,&quot;step_next_label&quot;:&quot;Next&quot;,&quot;step_previous_label&quot;:&quot;Previous&quot;,&quot;step_type&quot;:&quot;number_text&quot;,&quot;step_icon_shape&quot;:&quot;circle&quot;}\" data-widget_type=\"form.default\">\n\t\t\t\t<div class=\"elementor-widget-container\">\n\t\t\t<style>\/*! elementor-pro - v3.22.0 - 24-06-2024 *\/\n.elementor-button.elementor-hidden,.elementor-hidden{display:none}.e-form__step{width:100%}.e-form__step:not(.elementor-hidden){display:flex;flex-wrap:wrap}.e-form__buttons{flex-wrap:wrap}.e-form__buttons,.e-form__buttons__wrapper{display:flex}.e-form__indicators{display:flex;justify-content:space-between;align-items:center;flex-wrap:nowrap;font-size:13px;margin-bottom:var(--e-form-steps-indicators-spacing)}.e-form__indicators__indicator{display:flex;flex-direction:column;align-items:center;justify-content:center;flex-basis:0;padding:0 var(--e-form-steps-divider-gap)}.e-form__indicators__indicator__progress{width:100%;position:relative;background-color:var(--e-form-steps-indicator-progress-background-color);border-radius:var(--e-form-steps-indicator-progress-border-radius);overflow:hidden}.e-form__indicators__indicator__progress__meter{width:var(--e-form-steps-indicator-progress-meter-width,0);height:var(--e-form-steps-indicator-progress-height);line-height:var(--e-form-steps-indicator-progress-height);padding-right:15px;border-radius:var(--e-form-steps-indicator-progress-border-radius);background-color:var(--e-form-steps-indicator-progress-color);color:var(--e-form-steps-indicator-progress-meter-color);text-align:right;transition:width .1s linear}.e-form__indicators__indicator:first-child{padding-left:0}.e-form__indicators__indicator:last-child{padding-right:0}.e-form__indicators__indicator--state-inactive{color:var(--e-form-steps-indicator-inactive-primary-color,#c2cbd2)}.e-form__indicators__indicator--state-inactive [class*=indicator--shape-]:not(.e-form__indicators__indicator--shape-none){background-color:var(--e-form-steps-indicator-inactive-secondary-color,#fff)}.e-form__indicators__indicator--state-inactive object,.e-form__indicators__indicator--state-inactive svg{fill:var(--e-form-steps-indicator-inactive-primary-color,#c2cbd2)}.e-form__indicators__indicator--state-active{color:var(--e-form-steps-indicator-active-primary-color,#39b54a);border-color:var(--e-form-steps-indicator-active-secondary-color,#fff)}.e-form__indicators__indicator--state-active [class*=indicator--shape-]:not(.e-form__indicators__indicator--shape-none){background-color:var(--e-form-steps-indicator-active-secondary-color,#fff)}.e-form__indicators__indicator--state-active object,.e-form__indicators__indicator--state-active svg{fill:var(--e-form-steps-indicator-active-primary-color,#39b54a)}.e-form__indicators__indicator--state-completed{color:var(--e-form-steps-indicator-completed-secondary-color,#fff)}.e-form__indicators__indicator--state-completed [class*=indicator--shape-]:not(.e-form__indicators__indicator--shape-none){background-color:var(--e-form-steps-indicator-completed-primary-color,#39b54a)}.e-form__indicators__indicator--state-completed .e-form__indicators__indicator__label{color:var(--e-form-steps-indicator-completed-primary-color,#39b54a)}.e-form__indicators__indicator--state-completed .e-form__indicators__indicator--shape-none{color:var(--e-form-steps-indicator-completed-primary-color,#39b54a);background-color:initial}.e-form__indicators__indicator--state-completed object,.e-form__indicators__indicator--state-completed svg{fill:var(--e-form-steps-indicator-completed-secondary-color,#fff)}.e-form__indicators__indicator__icon{width:var(--e-form-steps-indicator-padding,30px);height:var(--e-form-steps-indicator-padding,30px);font-size:var(--e-form-steps-indicator-icon-size);border-width:1px;border-style:solid;display:flex;justify-content:center;align-items:center;overflow:hidden;margin-bottom:10px}.e-form__indicators__indicator__icon img,.e-form__indicators__indicator__icon object,.e-form__indicators__indicator__icon svg{width:var(--e-form-steps-indicator-icon-size);height:auto}.e-form__indicators__indicator__icon .e-font-icon-svg{height:1em}.e-form__indicators__indicator__number{width:var(--e-form-steps-indicator-padding,30px);height:var(--e-form-steps-indicator-padding,30px);border-width:1px;border-style:solid;display:flex;justify-content:center;align-items:center;margin-bottom:10px}.e-form__indicators__indicator--shape-circle{border-radius:50%}.e-form__indicators__indicator--shape-square{border-radius:0}.e-form__indicators__indicator--shape-rounded{border-radius:5px}.e-form__indicators__indicator--shape-none{border:0}.e-form__indicators__indicator__label{text-align:center}.e-form__indicators__indicator__separator{width:100%;height:var(--e-form-steps-divider-width);background-color:#babfc5}.e-form__indicators--type-icon,.e-form__indicators--type-icon_text,.e-form__indicators--type-number,.e-form__indicators--type-number_text{align-items:flex-start}.e-form__indicators--type-icon .e-form__indicators__indicator__separator,.e-form__indicators--type-icon_text .e-form__indicators__indicator__separator,.e-form__indicators--type-number .e-form__indicators__indicator__separator,.e-form__indicators--type-number_text .e-form__indicators__indicator__separator{margin-top:calc(var(--e-form-steps-indicator-padding, 30px) \/ 2 - var(--e-form-steps-divider-width, 1px) \/ 2)}.elementor-field-type-hidden{display:none}.elementor-field-type-html{display:inline-block}.elementor-field-type-tel input{direction:inherit}.elementor-login .elementor-lost-password,.elementor-login .elementor-remember-me{font-size:.85em}.elementor-field-type-recaptcha_v3 .elementor-field-label{display:none}.elementor-field-type-recaptcha_v3 .grecaptcha-badge{z-index:1}.elementor-button .elementor-form-spinner{order:3}.elementor-form .elementor-button .elementor-button-content-wrapper{align-items:center}.elementor-form .elementor-button .elementor-button-text{white-space:normal}.elementor-form .elementor-button svg{height:auto}.elementor-form .elementor-button .e-font-icon-svg{height:1em}.elementor-form .elementor-button .elementor-button-content-wrapper{gap:5px}.elementor-form .elementor-button .elementor-button-icon,.elementor-form .elementor-button .elementor-button-text{flex-grow:unset;order:unset}.elementor-select-wrapper .select-caret-down-wrapper{position:absolute;top:50%;transform:translateY(-50%);inset-inline-end:10px;pointer-events:none;font-size:11px}.elementor-select-wrapper .select-caret-down-wrapper svg{display:unset;width:1em;aspect-ratio:unset;fill:currentColor}.elementor-select-wrapper .select-caret-down-wrapper i{font-size:19px;line-height:2}.elementor-select-wrapper.remove-before:before{content:\"\"!important}<\/style>\t\t<form class=\"elementor-form\" method=\"post\" name=\"New Form\" action=\"\">\n\t\t\t<input type=\"hidden\" name=\"post_id\" value=\"19044\"\/>\n\t\t\t<input type=\"hidden\" name=\"form_id\" value=\"72128ee\"\/>\n\t\t\t<input type=\"hidden\" name=\"referer_title\" value=\"Top Luxury Modern Wall Clocks Supplier &amp; Manufacturer JJT, Wholesale Home Decoration Wall Painting, Metal Wall Art &amp; Wall Mirror from Factory in China\" \/>\n\n\t\t\t\n\t\t\t<div class=\"elementor-form-fields-wrapper elementor-labels-\">\n\t\t\t\t\t\t\t\t<div class=\"elementor-field-type-email elementor-field-group elementor-column elementor-field-group-email elementor-col-75 elementor-field-required\">\n\t\t\t\t\t\t\t\t\t\t\t\t<label for=\"form-field-email\" class=\"elementor-field-label elementor-screen-only\">\n\t\t\t\t\t\t\t\tEmail:\t\t\t\t\t\t\t<\/label>\n\t\t\t\t\t\t\t\t\t\t\t\t\t\t<input size=\"1\" type=\"email\" name=\"form_fields[email]\" id=\"form-field-email\" class=\"elementor-field elementor-size-sm  elementor-field-textual\" placeholder=\"Your Email here\" required=\"required\" aria-required=\"true\">\n\t\t\t\t\t\t\t\t\t\t\t<\/div>\n\t\t\t\t\t\t\t\t<div class=\"elementor-field-group elementor-column elementor-field-type-submit elementor-col-25 e-form__buttons\">\n\t\t\t\t\t<button class=\"elementor-button elementor-size-sm\" type=\"submit\">\n\t\t\t\t\t\t<span class=\"elementor-button-content-wrapper\">\n\t\t\t\t\t\t\t\t\t\t\t\t\t\t\t\t\t\t\t\t\t\t<span class=\"elementor-button-text\">G\u1eedi<\/span>\n\t\t\t\t\t\t\t\t\t\t\t\t\t<\/span>\n\t\t\t\t\t<\/button>\n\t\t\t\t<\/div>\n\t\t\t<\/div>\n\t\t<input type=\"hidden\" name=\"trp-form-language\" value=\"vn\"\/><\/form>\n\t\t\t\t<\/div>\n\t\t\t\t<\/div>\n\t\t\t\t\t<\/div>\n\t\t<\/div>\n\t\t\t\t<div class=\"elementor-column elementor-col-50 elementor-top-column elementor-element elementor-element-54a756b\" data-id=\"54a756b\" data-element_type=\"column\">\n\t\t\t<div class=\"elementor-widget-wrap elementor-element-populated\">\n\t\t\t\t\t\t\t<\/div>\n\t\t<\/div>\n\t\t\t\t\t<\/div>\n\t\t<\/section>\n\t\t\t\t<\/div>","protected":false},"excerpt":{"rendered":"<p>Products Categories Main Menu Wall Clocks New Clocks 2023 Modern Wall Clocks Luxury Wall Clocks Peacock Wall Clocks Wall Hangings Mirrors Floating Shelves Candle Holders Vases Artificial Flowers Quote List Newsletter<\/p>","protected":false},"author":1,"featured_media":0,"parent":0,"menu_order":0,"comment_status":"closed","ping_status":"closed","template":"","meta":{"footnotes":""},"yoast_head":"<!-- This site is optimized with the Yoast SEO Premium plugin v20.5 (Yoast SEO v23.0) - https:\/\/yoast.com\/wordpress\/plugins\/seo\/ -->\n<title>Floating Shelves - Top Luxury Modern Wall Clocks Supplier &amp; Manufacturer JJT, Wholesale Home Decoration Wall Painting, Metal Wall Art &amp; Wall Mirror from Factory in China<\/title>\n<meta name=\"robots\" content=\"index, follow, max-snippet:-1, max-image-preview:large, max-video-preview:-1\" \/>\n<link rel=\"canonical\" href=\"https:\/\/jjthomedeco.com\/vn\/floating-shelves\/\" \/>\n<meta property=\"og:locale\" content=\"vi_VN\" \/>\n<meta property=\"og:type\" content=\"article\" \/>\n<meta property=\"og:title\" content=\"Floating Shelves\" \/>\n<meta property=\"og:description\" content=\"Products Categories Main Menu Wall Clocks New Clocks 2023 Modern Wall Clocks Luxury Wall Clocks Peacock Wall Clocks Wall Hangings Mirrors Floating Shelves Candle Holders Vases Artificial Flowers Quote List Newsletter\" \/>\n<meta property=\"og:url\" content=\"https:\/\/jjthomedeco.com\/vn\/floating-shelves\/\" \/>\n<meta property=\"og:site_name\" content=\"Top Luxury Modern Wall Clocks Supplier &amp; Manufacturer JJT, Wholesale Home Decoration Wall Painting, Metal Wall Art &amp; Wall Mirror from Factory in China\" \/>\n<meta property=\"article:publisher\" content=\"https:\/\/www.facebook.com\/JJTWallClock\" \/>\n<meta property=\"article:modified_time\" content=\"2023-09-28T03:17:21+00:00\" \/>\n<meta name=\"twitter:card\" content=\"summary_large_image\" \/>\n<meta name=\"twitter:label1\" content=\"\u01af\u1edbc t\u00ednh th\u1eddi gian \u0111\u1ecdc\" \/>\n\t<meta name=\"twitter:data1\" content=\"6 ph\u00fat\" \/>\n<script type=\"application\/ld+json\" class=\"yoast-schema-graph\">{\"@context\":\"https:\/\/schema.org\",\"@graph\":[{\"@type\":\"WebPage\",\"@id\":\"https:\/\/jjthomedeco.com\/floating-shelves\/\",\"url\":\"https:\/\/jjthomedeco.com\/floating-shelves\/\",\"name\":\"Floating Shelves - Top Luxury Modern Wall Clocks Supplier &amp; Manufacturer JJT, Wholesale Home Decoration Wall Painting, Metal Wall Art &amp; Wall Mirror from Factory in China\",\"isPartOf\":{\"@id\":\"https:\/\/jjthomedeco.com\/#website\"},\"datePublished\":\"2023-09-28T01:02:02+00:00\",\"dateModified\":\"2023-09-28T03:17:21+00:00\",\"breadcrumb\":{\"@id\":\"https:\/\/jjthomedeco.com\/floating-shelves\/#breadcrumb\"},\"inLanguage\":\"vi\",\"potentialAction\":[{\"@type\":\"ReadAction\",\"target\":[\"https:\/\/jjthomedeco.com\/floating-shelves\/\"]}]},{\"@type\":\"BreadcrumbList\",\"@id\":\"https:\/\/jjthomedeco.com\/floating-shelves\/#breadcrumb\",\"itemListElement\":[{\"@type\":\"ListItem\",\"position\":1,\"name\":\"Home\",\"item\":\"https:\/\/jjthomedeco.com\/\"},{\"@type\":\"ListItem\",\"position\":2,\"name\":\"Floating Shelves\"}]},{\"@type\":\"WebSite\",\"@id\":\"https:\/\/jjthomedeco.com\/#website\",\"url\":\"https:\/\/jjthomedeco.com\/\",\"name\":\"Top Luxury Modern Wall Clocks Supplier &amp; Manufacturer JJT, Wholesale Home Decoration Wall Painting, Metal Wall Art &amp; Wall Mirror from Factory in China\",\"description\":\"JJT Wall Clock - Zhejiang JJT Art Craft Co., LTD.\",\"publisher\":{\"@id\":\"https:\/\/jjthomedeco.com\/#organization\"},\"potentialAction\":[{\"@type\":\"SearchAction\",\"target\":{\"@type\":\"EntryPoint\",\"urlTemplate\":\"https:\/\/jjthomedeco.com\/?s={search_term_string}\"},\"query-input\":\"required name=search_term_string\"}],\"inLanguage\":\"vi\"},{\"@type\":\"Organization\",\"@id\":\"https:\/\/jjthomedeco.com\/#organization\",\"name\":\"Zhejiang JJT Art Craft Co., LTD.\",\"url\":\"https:\/\/jjthomedeco.com\/\",\"logo\":{\"@type\":\"ImageObject\",\"inLanguage\":\"vi\",\"@id\":\"https:\/\/jjthomedeco.com\/#\/schema\/logo\/image\/\",\"url\":\"https:\/\/jjthomedeco.com\/wp-content\/uploads\/2023\/04\/JJT-Wall-Clock-for-Interior-Home-Decoration.png\",\"contentUrl\":\"https:\/\/jjthomedeco.com\/wp-content\/uploads\/2023\/04\/JJT-Wall-Clock-for-Interior-Home-Decoration.png\",\"width\":241,\"height\":241,\"caption\":\"Zhejiang JJT Art Craft Co., LTD.\"},\"image\":{\"@id\":\"https:\/\/jjthomedeco.com\/#\/schema\/logo\/image\/\"},\"sameAs\":[\"https:\/\/www.facebook.com\/JJTWallClock\"]}]}<\/script>\n<!-- \/ Yoast SEO Premium plugin. -->","yoast_head_json":{"title":"Floating Shelves - Top Luxury Modern Wall Clocks Supplier &amp; Manufacturer JJT, Wholesale Home Decoration Wall Painting, Metal Wall Art &amp; Wall Mirror from Factory in China","robots":{"index":"index","follow":"follow","max-snippet":"max-snippet:-1","max-image-preview":"max-image-preview:large","max-video-preview":"max-video-preview:-1"},"canonical":"https:\/\/jjthomedeco.com\/vn\/floating-shelves\/","og_locale":"vi_VN","og_type":"article","og_title":"Floating Shelves","og_description":"Products Categories Main Menu Wall Clocks New Clocks 2023 Modern Wall Clocks Luxury Wall Clocks Peacock Wall Clocks Wall Hangings Mirrors Floating Shelves Candle Holders Vases Artificial Flowers Quote List Newsletter","og_url":"https:\/\/jjthomedeco.com\/vn\/floating-shelves\/","og_site_name":"Top Luxury Modern Wall Clocks Supplier &amp; Manufacturer JJT, Wholesale Home Decoration Wall Painting, Metal Wall Art &amp; Wall Mirror from Factory in China","article_publisher":"https:\/\/www.facebook.com\/JJTWallClock","article_modified_time":"2023-09-28T03:17:21+00:00","twitter_card":"summary_large_image","twitter_misc":{"\u01af\u1edbc t\u00ednh th\u1eddi gian \u0111\u1ecdc":"6 ph\u00fat"},"schema":{"@context":"https:\/\/schema.org","@graph":[{"@type":"WebPage","@id":"https:\/\/jjthomedeco.com\/floating-shelves\/","url":"https:\/\/jjthomedeco.com\/floating-shelves\/","name":"Floating Shelves - Top Luxury Modern Wall Clocks Supplier &amp; Manufacturer JJT, Wholesale Home Decoration Wall Painting, Metal Wall Art &amp; Wall Mirror from Factory in China","isPartOf":{"@id":"https:\/\/jjthomedeco.com\/#website"},"datePublished":"2023-09-28T01:02:02+00:00","dateModified":"2023-09-28T03:17:21+00:00","breadcrumb":{"@id":"https:\/\/jjthomedeco.com\/floating-shelves\/#breadcrumb"},"inLanguage":"vi","potentialAction":[{"@type":"ReadAction","target":["https:\/\/jjthomedeco.com\/floating-shelves\/"]}]},{"@type":"BreadcrumbList","@id":"https:\/\/jjthomedeco.com\/floating-shelves\/#breadcrumb","itemListElement":[{"@type":"ListItem","position":1,"name":"Home","item":"https:\/\/jjthomedeco.com\/"},{"@type":"ListItem","position":2,"name":"Floating Shelves"}]},{"@type":"WebSite","@id":"https:\/\/jjthomedeco.com\/#website","url":"https:\/\/jjthomedeco.com\/","name":"Top Luxury Modern Wall Clocks Supplier &amp; Manufacturer JJT, Wholesale Home Decoration Wall Painting, Metal Wall Art &amp; Wall Mirror from Factory in China","description":"JJT Wall Clock - Zhejiang JJT Art Craft Co., LTD.","publisher":{"@id":"https:\/\/jjthomedeco.com\/#organization"},"potentialAction":[{"@type":"SearchAction","target":{"@type":"EntryPoint","urlTemplate":"https:\/\/jjthomedeco.com\/?s={search_term_string}"},"query-input":"required name=search_term_string"}],"inLanguage":"vi"},{"@type":"Organization","@id":"https:\/\/jjthomedeco.com\/#organization","name":"Zhejiang JJT Art Craft Co., LTD.","url":"https:\/\/jjthomedeco.com\/","logo":{"@type":"ImageObject","inLanguage":"vi","@id":"https:\/\/jjthomedeco.com\/#\/schema\/logo\/image\/","url":"https:\/\/jjthomedeco.com\/wp-content\/uploads\/2023\/04\/JJT-Wall-Clock-for-Interior-Home-Decoration.png","contentUrl":"https:\/\/jjthomedeco.com\/wp-content\/uploads\/2023\/04\/JJT-Wall-Clock-for-Interior-Home-Decoration.png","width":241,"height":241,"caption":"Zhejiang JJT Art Craft Co., LTD."},"image":{"@id":"https:\/\/jjthomedeco.com\/#\/schema\/logo\/image\/"},"sameAs":["https:\/\/www.facebook.com\/JJTWallClock"]}]}},"_links":{"self":[{"href":"https:\/\/jjthomedeco.com\/vn\/wp-json\/wp\/v2\/pages\/19044"}],"collection":[{"href":"https:\/\/jjthomedeco.com\/vn\/wp-json\/wp\/v2\/pages"}],"about":[{"href":"https:\/\/jjthomedeco.com\/vn\/wp-json\/wp\/v2\/types\/page"}],"author":[{"embeddable":true,"href":"https:\/\/jjthomedeco.com\/vn\/wp-json\/wp\/v2\/users\/1"}],"replies":[{"embeddable":true,"href":"https:\/\/jjthomedeco.com\/vn\/wp-json\/wp\/v2\/comments?post=19044"}],"version-history":[{"count":7,"href":"https:\/\/jjthomedeco.com\/vn\/wp-json\/wp\/v2\/pages\/19044\/revisions"}],"predecessor-version":[{"id":19186,"href":"https:\/\/jjthomedeco.com\/vn\/wp-json\/wp\/v2\/pages\/19044\/revisions\/19186"}],"wp:attachment":[{"href":"https:\/\/jjthomedeco.com\/vn\/wp-json\/wp\/v2\/media?parent=19044"}],"curies":[{"name":"wp","href":"https:\/\/api.w.org\/{rel}","templated":true}]}}